{"id":13,"date":"2025-08-04T12:43:57","date_gmt":"2025-08-04T12:43:57","guid":{"rendered":"https:\/\/boutiquecompagnons.com\/cart\/"},"modified":"2025-11-23T04:18:07","modified_gmt":"2025-11-23T04:18:07","slug":"cart","status":"publish","type":"page","link":"https:\/\/boutiquecompagnons.com\/fr\/cart\/","title":{"rendered":"Cart"},"content":{"rendered":"<div data-block-name=\"woocommerce\/cart\" class=\"wp-block-woocommerce-cart alignwide is-loading\">\n<div data-block-name=\"woocommerce\/filled-cart-block\" class=\"wp-block-woocommerce-filled-cart-block\">\n<div data-block-name=\"woocommerce\/cart-items-block\" class=\"wp-block-woocommerce-cart-items-block\">\n<div data-block-name=\"woocommerce\/cart-line-items-block\" class=\"wp-block-woocommerce-cart-line-items-block\"><\/div>\n\n\n\n<div data-block-name=\"woocommerce\/cart-cross-sells-block\" class=\"wp-block-woocommerce-cart-cross-sells-block\">\n<h2 class=\"wp-block-heading has-large-font-size\">You may be interested in\u2026<\/h2>\n\n\n\n<div data-block-name=\"woocommerce\/cart-cross-sells-products-block\" class=\"wp-block-woocommerce-cart-cross-sells-products-block\"><\/div>\n<\/div>\n<\/div>\n\n\n\n<div data-block-name=\"woocommerce\/cart-totals-block\" class=\"wp-block-woocommerce-cart-totals-block\">\n<div data-block-name=\"woocommerce\/cart-order-summary-block\" class=\"wp-block-woocommerce-cart-order-summary-block\">\n<div data-block-name=\"woocommerce\/cart-order-summary-heading-block\" class=\"wp-block-woocommerce-cart-order-summary-heading-block\"><\/div><div data-block-name=\"woocommerce\/cart-order-summary-coupon-form-block\" class=\"wp-block-woocommerce-cart-order-summary-coupon-form-block\"><\/div><div data-block-name=\"woocommerce\/cart-order-summary-totals-block\" class=\"wp-block-woocommerce-cart-order-summary-totals-block\">\n<div data-block-name=\"woocommerce\/cart-order-summary-subtotal-block\" class=\"wp-block-woocommerce-cart-order-summary-subtotal-block\"><\/div>\n<div data-block-name=\"woocommerce\/cart-order-summary-discount-block\" class=\"wp-block-woocommerce-cart-order-summary-discount-block\"><\/div>\n<div data-block-name=\"woocommerce\/cart-order-summary-fee-block\" class=\"wp-block-woocommerce-cart-order-summary-fee-block\"><\/div>\n<div data-block-name=\"woocommerce\/cart-order-summary-shipping-block\" class=\"wp-block-woocommerce-cart-order-summary-shipping-block\"><\/div>\n<div data-block-name=\"woocommerce\/cart-order-summary-taxes-block\" class=\"wp-block-woocommerce-cart-order-summary-taxes-block\"><\/div><\/div>\n<\/div>\n\n\n\n<div data-block-name=\"woocommerce\/cart-express-payment-block\" class=\"wp-block-woocommerce-cart-express-payment-block\"><\/div>\n\n\n\n<div data-block-name=\"woocommerce\/proceed-to-checkout-block\" class=\"wp-block-woocommerce-proceed-to-checkout-block\"><\/div>\n\n\n\n<div data-block-name=\"woocommerce\/cart-accepted-payment-methods-block\" class=\"wp-block-woocommerce-cart-accepted-payment-methods-block\"><\/div>\n<\/div>\n<\/div>\n\n\n\n<div data-block-name=\"woocommerce\/empty-cart-block\" class=\"wp-block-woocommerce-empty-cart-block\">\n<h2 class=\"wp-block-heading has-text-align-center with-empty-cart-icon wc-block-cart__empty-cart__title\">Your cart is currently empty!<\/h2>\n\n\n\n<hr class=\"wp-block-separator has-alpha-channel-opacity is-style-dots\"\/>\n\n\n\n<h2 class=\"wp-block-heading has-text-align-center\">New in store<\/h2>\n\n\n<div data-block-name=\"woocommerce\/product-new\" data-columns=\"4\" data-rows=\"1\" class=\"wc-block-grid wp-block-product-new wp-block-woocommerce-product-new wc-block-product-new has-4-columns\"><ul class=\"wc-block-grid__products\"><li class=\"wc-block-grid__product\">\n\t\t\t\t<a href=\"https:\/\/boutiquecompagnons.com\/fr\/produit\/stainless-steel-pet-fountain-3-2l-ultra-quiet\/\" class=\"wc-block-grid__product-link\">\n\t\t\t\t\t\n\t\t\t\t\t<div class=\"wc-block-grid__product-image\"><img loading=\"lazy\" decoding=\"async\" width=\"300\" height=\"300\" src=\"https:\/\/boutiquecompagnons.com\/wp-content\/uploads\/2026\/04\/3b8f4594-0be4-4bbf-a6bf-801d14574d96_trans-300x300.jpeg\" class=\"attachment-woocommerce_thumbnail size-woocommerce_thumbnail\" alt=\"Stainless Steel Pet Water Fountain \u2013 3.2L, Ultra\u2011Quiet &amp; 5\u2011Stage Filtration for Cats and Dogs\" srcset=\"https:\/\/boutiquecompagnons.com\/wp-content\/uploads\/2026\/04\/3b8f4594-0be4-4bbf-a6bf-801d14574d96_trans-300x300.jpeg 300w, https:\/\/boutiquecompagnons.com\/wp-content\/uploads\/2026\/04\/3b8f4594-0be4-4bbf-a6bf-801d14574d96_trans-150x150.jpeg 150w, https:\/\/boutiquecompagnons.com\/wp-content\/uploads\/2026\/04\/3b8f4594-0be4-4bbf-a6bf-801d14574d96_trans-768x768.jpeg 768w, https:\/\/boutiquecompagnons.com\/wp-content\/uploads\/2026\/04\/3b8f4594-0be4-4bbf-a6bf-801d14574d96_trans-12x12.jpeg 12w, https:\/\/boutiquecompagnons.com\/wp-content\/uploads\/2026\/04\/3b8f4594-0be4-4bbf-a6bf-801d14574d96_trans-600x600.jpeg 600w, https:\/\/boutiquecompagnons.com\/wp-content\/uploads\/2026\/04\/3b8f4594-0be4-4bbf-a6bf-801d14574d96_trans-100x100.jpeg 100w, https:\/\/boutiquecompagnons.com\/wp-content\/uploads\/2026\/04\/3b8f4594-0be4-4bbf-a6bf-801d14574d96_trans.jpeg 800w\" sizes=\"auto, (max-width: 300px) 100vw, 300px\" \/><\/div>\n\t\t\t\t\t<div class=\"wc-block-grid__product-title\">Stainless Steel Pet Water Fountain \u2013 3.2L, Ultra\u2011Quiet &amp; 5\u2011Stage Filtration for Cats and Dogs<\/div>\n\t\t\t\t<\/a>\n\t\t\t\t<div class=\"wc-block-grid__product-price price\"><span class=\"woocommerce-Price-amount amount\">74.99<span class=\"woocommerce-Price-currencySymbol\">&#036;<\/span><\/span><\/div>\n\t\t\t\t\n\t\t\t\t<div class=\"wp-block-button wc-block-grid__product-add-to-cart\"><a href=\"https:\/\/boutiquecompagnons.com\/fr\/produit\/stainless-steel-pet-fountain-3-2l-ultra-quiet\/\" aria-label=\"S\u00e9lectionner les options pour \u201cStainless Steel Pet Water Fountain \u2013 3.2L, Ultra\u2011Quiet &amp; 5\u2011Stage Filtration for Cats and Dogs\u201d\" data-quantity=\"1\" data-product_id=\"1912\" data-product_sku=\"CJYD2792045\" data-price=\"74.99\" rel=\"nofollow\" class=\"wp-block-button__link wp-element-button add_to_cart_button\" data-no-translation=\"\" data-trp-gettext=\"\" data-no-translation-aria-label=\"\">Choix des options<\/a><\/div>\n\t\t\t<\/li><li class=\"wc-block-grid__product\">\n\t\t\t\t<a href=\"https:\/\/boutiquecompagnons.com\/fr\/produit\/big-dog-shoes-non-slip-waterproof-pet-boots-with-reflective-straps\/\" class=\"wc-block-grid__product-link\">\n\t\t\t\t\t\n\t\t\t\t\t<div class=\"wc-block-grid__product-image\"><img loading=\"lazy\" decoding=\"async\" width=\"300\" height=\"300\" src=\"https:\/\/boutiquecompagnons.com\/wp-content\/uploads\/2025\/09\/2550767015619-300x300.jpg\" class=\"attachment-woocommerce_thumbnail size-woocommerce_thumbnail\" alt=\"Big Dog Shoes \u2013 Non-Slip Waterproof Pet Boots with Reflective Straps\" srcset=\"https:\/\/boutiquecompagnons.com\/wp-content\/uploads\/2025\/09\/2550767015619-300x300.jpg 300w, https:\/\/boutiquecompagnons.com\/wp-content\/uploads\/2025\/09\/2550767015619-150x150.jpg 150w, https:\/\/boutiquecompagnons.com\/wp-content\/uploads\/2025\/09\/2550767015619-12x12.jpg 12w, https:\/\/boutiquecompagnons.com\/wp-content\/uploads\/2025\/09\/2550767015619-100x100.jpg 100w, https:\/\/boutiquecompagnons.com\/wp-content\/uploads\/2025\/09\/2550767015619.jpg 400w\" sizes=\"auto, (max-width: 300px) 100vw, 300px\" \/><\/div>\n\t\t\t\t\t<div class=\"wc-block-grid__product-title\">Chaussures pour grands chiens \u2013 Bottes imperm\u00e9ables antid\u00e9rapantes avec sangles r\u00e9fl\u00e9chissantes<\/div>\n\t\t\t\t<\/a>\n\t\t\t\t<div class=\"wc-block-grid__product-price price\"><span class=\"woocommerce-Price-amount amount\" aria-hidden=\"true\">62.77<span class=\"woocommerce-Price-currencySymbol\">&#036;<\/span><\/span> <span aria-hidden=\"true\">\u00a0\u2013\u00a0<\/span> <span class=\"woocommerce-Price-amount amount\" aria-hidden=\"true\">71.60<span class=\"woocommerce-Price-currencySymbol\">&#036;<\/span><\/span><span class=\"screen-reader-text\" data-no-translation=\"\" data-trp-gettext=\"\">Plage de prix\u00a0: 62.77&#036; \u00e0 71.60&#036;<\/span><\/div>\n\t\t\t\t\n\t\t\t\t<div class=\"wp-block-button wc-block-grid__product-add-to-cart\"><a href=\"https:\/\/boutiquecompagnons.com\/fr\/produit\/big-dog-shoes-non-slip-waterproof-pet-boots-with-reflective-straps\/\" aria-label=\"S\u00e9lectionner les options pour \u201cBig Dog Shoes \u2013 Non-Slip Waterproof Pet Boots with Reflective Straps\u201d\" data-quantity=\"1\" data-product_id=\"1658\" data-product_sku=\"CJJJCWGD00116\" data-price=\"62.77\" rel=\"nofollow\" class=\"wp-block-button__link wp-element-button add_to_cart_button\" data-no-translation=\"\" data-trp-gettext=\"\" data-no-translation-aria-label=\"\">Choix des options<\/a><\/div>\n\t\t\t<\/li><li class=\"wc-block-grid__product\">\n\t\t\t\t<a href=\"https:\/\/boutiquecompagnons.com\/fr\/produit\/adjustable-pet-sling-carrier-for-small-dogs-and-cats\/\" class=\"wc-block-grid__product-link\">\n\t\t\t\t\t\n\t\t\t\t\t<div class=\"wc-block-grid__product-image\"><img loading=\"lazy\" decoding=\"async\" width=\"300\" height=\"300\" src=\"https:\/\/boutiquecompagnons.com\/wp-content\/uploads\/2025\/09\/1101806472525-300x300.jpg\" class=\"attachment-woocommerce_thumbnail size-woocommerce_thumbnail\" alt=\"Adjustable Pet Sling Carrier for Small Dogs &amp; Cats\" srcset=\"https:\/\/boutiquecompagnons.com\/wp-content\/uploads\/2025\/09\/1101806472525-300x300.jpg 300w, https:\/\/boutiquecompagnons.com\/wp-content\/uploads\/2025\/09\/1101806472525-150x150.jpg 150w, https:\/\/boutiquecompagnons.com\/wp-content\/uploads\/2025\/09\/1101806472525-12x12.jpg 12w, https:\/\/boutiquecompagnons.com\/wp-content\/uploads\/2025\/09\/1101806472525-100x100.jpg 100w\" sizes=\"auto, (max-width: 300px) 100vw, 300px\" \/><\/div>\n\t\t\t\t\t<div class=\"wc-block-grid__product-title\">Adjustable Pet Sling Carrier for Small Dogs &amp; Cats<\/div>\n\t\t\t\t<\/a>\n\t\t\t\t<div class=\"wc-block-grid__product-price price\"><span class=\"woocommerce-Price-amount amount\">39.99<span class=\"woocommerce-Price-currencySymbol\">&#036;<\/span><\/span><\/div>\n\t\t\t\t\n\t\t\t\t<div class=\"wp-block-button wc-block-grid__product-add-to-cart\"><a href=\"https:\/\/boutiquecompagnons.com\/fr\/produit\/adjustable-pet-sling-carrier-for-small-dogs-and-cats\/\" aria-label=\"S\u00e9lectionner les options pour \u201cAdjustable Pet Sling Carrier for Small Dogs &amp; Cats\u201d\" data-quantity=\"1\" data-product_id=\"1649\" data-product_sku=\"CJJJCWGY00168\" data-price=\"39.99\" rel=\"nofollow\" class=\"wp-block-button__link wp-element-button add_to_cart_button\" data-no-translation=\"\" data-trp-gettext=\"\" data-no-translation-aria-label=\"\">Choix des options<\/a><\/div>\n\t\t\t<\/li><li class=\"wc-block-grid__product\">\n\t\t\t\t<a href=\"https:\/\/boutiquecompagnons.com\/fr\/produit\/led-pet-nail-clippers-safe-dog-and-cat-nail-trimmer\/\" class=\"wc-block-grid__product-link\">\n\t\t\t\t\t\n\t\t\t\t\t<div class=\"wc-block-grid__product-image\"><img loading=\"lazy\" decoding=\"async\" width=\"300\" height=\"300\" src=\"https:\/\/boutiquecompagnons.com\/wp-content\/uploads\/2025\/09\/e28bbc78-b937-4f02-907b-892a2dd4e546_fine-300x300.jpeg\" class=\"attachment-woocommerce_thumbnail size-woocommerce_thumbnail\" alt=\"LED Pet Nail Clippers \u2013 Safe Dog And Cat Nail Trimmer\" srcset=\"https:\/\/boutiquecompagnons.com\/wp-content\/uploads\/2025\/09\/e28bbc78-b937-4f02-907b-892a2dd4e546_fine-300x300.jpeg 300w, https:\/\/boutiquecompagnons.com\/wp-content\/uploads\/2025\/09\/e28bbc78-b937-4f02-907b-892a2dd4e546_fine-150x150.jpeg 150w, https:\/\/boutiquecompagnons.com\/wp-content\/uploads\/2025\/09\/e28bbc78-b937-4f02-907b-892a2dd4e546_fine-768x768.jpeg 768w, https:\/\/boutiquecompagnons.com\/wp-content\/uploads\/2025\/09\/e28bbc78-b937-4f02-907b-892a2dd4e546_fine-12x12.jpeg 12w, https:\/\/boutiquecompagnons.com\/wp-content\/uploads\/2025\/09\/e28bbc78-b937-4f02-907b-892a2dd4e546_fine-600x600.jpeg 600w, https:\/\/boutiquecompagnons.com\/wp-content\/uploads\/2025\/09\/e28bbc78-b937-4f02-907b-892a2dd4e546_fine-100x100.jpeg 100w, https:\/\/boutiquecompagnons.com\/wp-content\/uploads\/2025\/09\/e28bbc78-b937-4f02-907b-892a2dd4e546_fine.jpeg 800w\" sizes=\"auto, (max-width: 300px) 100vw, 300px\" \/><\/div>\n\t\t\t\t\t<div class=\"wc-block-grid__product-title\">Coupe-ongles pour animaux \u00e0 LED \u2013 Tondeuse s\u00e9curis\u00e9e pour chiens et chats<\/div>\n\t\t\t\t<\/a>\n\t\t\t\t<div class=\"wc-block-grid__product-price price\"><span class=\"woocommerce-Price-amount amount\" aria-hidden=\"true\">24.73<span class=\"woocommerce-Price-currencySymbol\">&#036;<\/span><\/span> <span aria-hidden=\"true\">\u00a0\u2013\u00a0<\/span> <span class=\"woocommerce-Price-amount amount\" aria-hidden=\"true\">29.78<span class=\"woocommerce-Price-currencySymbol\">&#036;<\/span><\/span><span class=\"screen-reader-text\" data-no-translation=\"\" data-trp-gettext=\"\">Plage de prix\u00a0: 24.73&#036; \u00e0 29.78&#036;<\/span><\/div>\n\t\t\t\t\n\t\t\t\t<div class=\"wp-block-button wc-block-grid__product-add-to-cart\"><a href=\"https:\/\/boutiquecompagnons.com\/fr\/produit\/led-pet-nail-clippers-safe-dog-and-cat-nail-trimmer\/\" aria-label=\"S\u00e9lectionner les options pour \u201cLED Pet Nail Clippers \u2013 Safe Dog And Cat Nail Trimmer\u201d\" data-quantity=\"1\" data-product_id=\"1632\" data-product_sku=\"CJGY1675701\" data-price=\"24.73\" rel=\"nofollow\" class=\"wp-block-button__link wp-element-button add_to_cart_button\" data-no-translation=\"\" data-trp-gettext=\"\" data-no-translation-aria-label=\"\">Choix des options<\/a><\/div>\n\t\t\t<\/li><\/ul><\/div><\/div>\n<\/div>","protected":false},"excerpt":{"rendered":"","protected":false},"author":1,"featured_media":0,"parent":0,"menu_order":0,"comment_status":"closed","ping_status":"closed","template":"","meta":{"om_disable_all_campaigns":false,"_monsterinsights_skip_tracking":false,"_monsterinsights_sitenote_active":false,"_monsterinsights_sitenote_note":"","_monsterinsights_sitenote_category":0,"footnotes":""},"class_list":["post-13","page","type-page","status-publish","hentry"],"aioseo_notices":[],"_links":{"self":[{"href":"https:\/\/boutiquecompagnons.com\/fr\/wp-json\/wp\/v2\/pages\/13","targetHints":{"allow":["GET"]}}],"collection":[{"href":"https:\/\/boutiquecompagnons.com\/fr\/wp-json\/wp\/v2\/pages"}],"about":[{"href":"https:\/\/boutiquecompagnons.com\/fr\/wp-json\/wp\/v2\/types\/page"}],"author":[{"embeddable":true,"href":"https:\/\/boutiquecompagnons.com\/fr\/wp-json\/wp\/v2\/users\/1"}],"replies":[{"embeddable":true,"href":"https:\/\/boutiquecompagnons.com\/fr\/wp-json\/wp\/v2\/comments?post=13"}],"version-history":[{"count":1,"href":"https:\/\/boutiquecompagnons.com\/fr\/wp-json\/wp\/v2\/pages\/13\/revisions"}],"predecessor-version":[{"id":1803,"href":"https:\/\/boutiquecompagnons.com\/fr\/wp-json\/wp\/v2\/pages\/13\/revisions\/1803"}],"wp:attachment":[{"href":"https:\/\/boutiquecompagnons.com\/fr\/wp-json\/wp\/v2\/media?parent=13"}],"curies":[{"name":"wp","href":"https:\/\/api.w.org\/{rel}","templated":true}]}}