{"id":1735,"date":"2025-09-20T00:30:35","date_gmt":"2025-09-20T00:30:35","guid":{"rendered":"https:\/\/boutiquecompagnons.com\/?page_id=1735"},"modified":"2025-12-24T04:03:48","modified_gmt":"2025-12-24T04:03:48","slug":"shipping-policy","status":"publish","type":"page","link":"https:\/\/boutiquecompagnons.com\/fr\/shipping-policy\/","title":{"rendered":"Politique d\u2019exp\u00e9dition"},"content":{"rendered":"<h2>Politique d\u2019exp\u00e9dition<\/h2>\n<h3>Zone d'exp\u00e9dition.<\/h3>\n<p>Nous exp\u00e9dions actuellement les commandes uniquement aux clients situ\u00e9s au Canada.<\/p>\n<h3>Traitement des commandes.<\/h3>\n<p>Les commandes sont g\u00e9n\u00e9ralement trait\u00e9es dans un d\u00e9lai estim\u00e9 de 2 \u00e0 5 jours ouvrables. Les d\u00e9lais de traitement peuvent varier en fonction de la disponibilit\u00e9 des produits et des exigences des fournisseurs.<\/p>\n<h3>D\u00e9lai de livraison estim\u00e9.<\/h3>\n<p>Les d\u00e9lais de livraison varient selon la destination, l'emplacement du fournisseur et la m\u00e9thode d'exp\u00e9dition. Les d\u00e9lais de livraison estim\u00e9s se situent g\u00e9n\u00e9ralement entre 20 et 35 jours \u00e0 compter de la date d'exp\u00e9dition.<\/p>\n<p>Les d\u00e9lais de livraison sont des estimations seulement et ne sont pas garantis.<\/p>\n<h3>Informations de suivi.<\/h3>\n<p>Lorsqu'elles sont disponibles, les informations de suivi seront envoy\u00e9es par e-mail une fois la commande exp\u00e9di\u00e9e. La disponibilit\u00e9 du suivi et la fr\u00e9quence des mises \u00e0 jour peuvent varier selon le transporteur.<\/p>\n<h3>Frais d'exp\u00e9dition.<\/h3>\n<p>Nous offrons la livraison standard gratuite sur toutes les commandes livr\u00e9es au Canada, sauf indication contraire lors du paiement.<\/p>\n<h3>Retards d'exp\u00e9dition.<\/h3>\n<p>Bien que nous d\u00e9ployions des efforts raisonnables pour livrer les commandes dans les d\u00e9lais estim\u00e9s, des retards peuvent survenir en raison de facteurs \u00e9chappant \u00e0 notre contr\u00f4le, tels que des retards du transporteur, le traitement douanier, les conditions m\u00e9t\u00e9orologiques ou d'autres probl\u00e8mes logistiques.<\/p>\n<p>Si votre commande subit un retard important, veuillez nous contacter afin que nous puissions vous aider.<\/p>\n<p><\/p>","protected":false},"excerpt":{"rendered":"<p>Shipping Policy Shipping Area We currently ship orders to customers within Canada only. Order Processing Orders are typically processed within an estimated 2 to 5 business days. Processing times may vary depending on product availability and supplier requirements. Estimated Delivery Time Delivery times vary depending on the destination, supplier location, and shipping method. Estimated delivery [&hellip;]<\/p>\n","protected":false},"author":1,"featured_media":0,"parent":0,"menu_order":0,"comment_status":"closed","ping_status":"closed","template":"page-with-title","meta":{"om_disable_all_campaigns":false,"_monsterinsights_skip_tracking":false,"_monsterinsights_sitenote_active":false,"_monsterinsights_sitenote_note":"","_monsterinsights_sitenote_category":0,"footnotes":""},"class_list":["post-1735","page","type-page","status-publish","hentry"],"aioseo_notices":[],"_links":{"self":[{"href":"https:\/\/boutiquecompagnons.com\/fr\/wp-json\/wp\/v2\/pages\/1735","targetHints":{"allow":["GET"]}}],"collection":[{"href":"https:\/\/boutiquecompagnons.com\/fr\/wp-json\/wp\/v2\/pages"}],"about":[{"href":"https:\/\/boutiquecompagnons.com\/fr\/wp-json\/wp\/v2\/types\/page"}],"author":[{"embeddable":true,"href":"https:\/\/boutiquecompagnons.com\/fr\/wp-json\/wp\/v2\/users\/1"}],"replies":[{"embeddable":true,"href":"https:\/\/boutiquecompagnons.com\/fr\/wp-json\/wp\/v2\/comments?post=1735"}],"version-history":[{"count":5,"href":"https:\/\/boutiquecompagnons.com\/fr\/wp-json\/wp\/v2\/pages\/1735\/revisions"}],"predecessor-version":[{"id":1861,"href":"https:\/\/boutiquecompagnons.com\/fr\/wp-json\/wp\/v2\/pages\/1735\/revisions\/1861"}],"wp:attachment":[{"href":"https:\/\/boutiquecompagnons.com\/fr\/wp-json\/wp\/v2\/media?parent=1735"}],"curies":[{"name":"wp","href":"https:\/\/api.w.org\/{rel}","templated":true}]}}