{"id":20,"date":"2025-08-04T12:44:11","date_gmt":"2025-08-04T12:44:11","guid":{"rendered":"https:\/\/boutiquecompagnons.com\/about\/"},"modified":"2025-11-23T03:13:03","modified_gmt":"2025-11-23T03:13:03","slug":"about","status":"publish","type":"page","link":"https:\/\/boutiquecompagnons.com\/fr\/about\/","title":{"rendered":"\u00c0 propos"},"content":{"rendered":"<div class=\"wp-block-group alignfull has-background-background-color has-background has-global-padding is-layout-constrained wp-container-core-group-is-layout-7276a2bb wp-block-group-is-layout-constrained\" id=\"about\" style=\"margin-top:0;margin-bottom:0;padding-top:var(--wp--preset--spacing--60);padding-right:var(--wp--preset--spacing--30);padding-bottom:var(--wp--preset--spacing--60);padding-left:var(--wp--preset--spacing--30)\">\n<div class=\"wp-block-columns alignwide are-vertically-aligned-center is-layout-flex wp-container-core-columns-is-layout-47c06fe3 wp-block-columns-is-layout-flex\">\n<div class=\"wp-block-column is-vertically-aligned-center is-layout-flow wp-block-column-is-layout-flow\" style=\"flex-basis:60%\">\n<h2 class=\"wp-block-heading has-large-font-size\">Qui nous sommes<\/h2>\n\n\n\n<p style=\"margin-top:16px\">Bienvenue \u00e0 <strong>La Boutique des Compagnons<\/strong> \u2013 une boutique en ligne conviviale pour les animaux, cr\u00e9\u00e9e avec amour pour eux et leurs humains. Notre mission est simple : vous proposer des produits pour animaux uniques, ludiques et pratiques, que vous ne trouverez pas facilement dans les magasins locaux.<\/p>\n\n\n\n<p style=\"margin-top:16px\">Nous s\u00e9lectionnons soigneusement notre assortiment afin de vous offrir des articles s\u00fbrs, utiles et agr\u00e9ables pour vos compagnons \u00e0 fourrure.<\/p>\n<\/div>\n\n\n\n<div class=\"wp-block-column is-vertically-aligned-center is-layout-flow wp-container-core-column-is-layout-f5bb311e wp-block-column-is-layout-flow\" style=\"flex-basis:50%\">\n<figure class=\"wp-block-image\"><img loading=\"lazy\" decoding=\"async\" width=\"1440\" height=\"960\" src=\"https:\/\/boutiquecompagnons.com\/wp-content\/uploads\/2025\/10\/402152039a3308b32be1e590399569bf09d91b2f.jpg\" alt=\"\" class=\"wp-image-1768\" style=\"aspect-ratio:4\/3;object-fit:cover\" srcset=\"https:\/\/boutiquecompagnons.com\/wp-content\/uploads\/2025\/10\/402152039a3308b32be1e590399569bf09d91b2f.jpg 1440w, https:\/\/boutiquecompagnons.com\/wp-content\/uploads\/2025\/10\/402152039a3308b32be1e590399569bf09d91b2f-300x200.jpg 300w, https:\/\/boutiquecompagnons.com\/wp-content\/uploads\/2025\/10\/402152039a3308b32be1e590399569bf09d91b2f-1024x683.jpg 1024w, https:\/\/boutiquecompagnons.com\/wp-content\/uploads\/2025\/10\/402152039a3308b32be1e590399569bf09d91b2f-768x512.jpg 768w, https:\/\/boutiquecompagnons.com\/wp-content\/uploads\/2025\/10\/402152039a3308b32be1e590399569bf09d91b2f-18x12.jpg 18w, https:\/\/boutiquecompagnons.com\/wp-content\/uploads\/2025\/10\/402152039a3308b32be1e590399569bf09d91b2f-600x400.jpg 600w\" sizes=\"auto, (max-width: 1440px) 100vw, 1440px\" \/><\/figure>\n<\/div>\n<\/div>\n<\/div>\n\n\n\n<div class=\"wp-block-group alignfull has-tertiary-background-color has-background has-global-padding is-layout-constrained wp-container-core-group-is-layout-7276a2bb wp-block-group-is-layout-constrained\" id=\"about\" style=\"margin-top:0;margin-bottom:0;padding-top:var(--wp--preset--spacing--60);padding-right:var(--wp--preset--spacing--30);padding-bottom:var(--wp--preset--spacing--60);padding-left:var(--wp--preset--spacing--30)\">\n<div class=\"wp-block-columns alignwide are-vertically-aligned-center is-layout-flex wp-container-core-columns-is-layout-47c06fe3 wp-block-columns-is-layout-flex\">\n<div class=\"wp-block-column is-vertically-aligned-center is-layout-flow wp-container-core-column-is-layout-f5bb311e wp-block-column-is-layout-flow\" style=\"flex-basis:50%\">\n<figure class=\"wp-block-image size-full\"><img loading=\"lazy\" decoding=\"async\" width=\"800\" height=\"800\" src=\"https:\/\/boutiquecompagnons.com\/wp-content\/uploads\/2025\/08\/dog_with_a_bow.webp\" alt=\"An adorable puppy wearing a stylish bow tie poses for the camera.\" class=\"wp-image-169\" style=\"aspect-ratio:4\/3;object-fit:cover\" srcset=\"https:\/\/boutiquecompagnons.com\/wp-content\/uploads\/2025\/08\/dog_with_a_bow.webp 800w, https:\/\/boutiquecompagnons.com\/wp-content\/uploads\/2025\/08\/dog_with_a_bow-300x300.webp 300w, https:\/\/boutiquecompagnons.com\/wp-content\/uploads\/2025\/08\/dog_with_a_bow-150x150.webp 150w, https:\/\/boutiquecompagnons.com\/wp-content\/uploads\/2025\/08\/dog_with_a_bow-768x768.webp 768w, https:\/\/boutiquecompagnons.com\/wp-content\/uploads\/2025\/08\/dog_with_a_bow-12x12.webp 12w, https:\/\/boutiquecompagnons.com\/wp-content\/uploads\/2025\/08\/dog_with_a_bow-600x600.webp 600w, https:\/\/boutiquecompagnons.com\/wp-content\/uploads\/2025\/08\/dog_with_a_bow-100x100.webp 100w\" sizes=\"auto, (max-width: 800px) 100vw, 800px\" \/><\/figure>\n<\/div>\n\n\n\n<div class=\"wp-block-column is-vertically-aligned-center is-layout-flow wp-block-column-is-layout-flow\" style=\"flex-basis:60%\">\n<h2 class=\"wp-block-heading has-large-font-size\">Pourquoi faire vos achats chez nous ?<\/h2>\n\n\n\n<ul class=\"wp-block-list\">\n<li>Des produits pour animaux uniques et tendance, provenant de fabricants de confiance<\/li>\n\n\n\n<li>Des prix abordables gr\u00e2ce \u00e0 une livraison directe depuis nos partenaires<\/li>\n\n\n\n<li>Une communaut\u00e9 grandissante d'amoureux des animaux au Canada<\/li>\n\n\n\n<li>Un service client amical, pr\u00eat \u00e0 vous aider<\/li>\n<\/ul>\n<\/div>\n<\/div>\n<\/div>\n\n\n\n<div class=\"wp-block-group alignfull has-global-padding is-layout-constrained wp-container-core-group-is-layout-7276a2bb wp-block-group-is-layout-constrained\" id=\"about\" style=\"margin-top:0;margin-bottom:0;padding-top:var(--wp--preset--spacing--60);padding-right:var(--wp--preset--spacing--30);padding-bottom:var(--wp--preset--spacing--60);padding-left:var(--wp--preset--spacing--30)\">\n<div class=\"wp-block-columns alignwide are-vertically-aligned-center is-layout-flex wp-container-core-columns-is-layout-47c06fe3 wp-block-columns-is-layout-flex\">\n<div class=\"wp-block-column is-vertically-aligned-center is-layout-flow wp-block-column-is-layout-flow\" style=\"flex-basis:60%\">\n<h2 class=\"wp-block-heading has-large-font-size\">Informations sur la livraison<\/h2>\n\n\n\n<p>Nous travaillons directement avec des fabricants et fournisseurs internationaux pour vous offrir une vaste gamme de produits \u00e0 des prix justes.<\/p>\n\n\n\n<ul class=\"wp-block-list\">\n<li><strong>D\u00e9lai de livraison estim\u00e9<\/strong>: 14 \u00e0 35 jours ouvrables (selon votre localisation et les formalit\u00e9s douani\u00e8res).<\/li>\n\n\n\n<li>Chaque commande est accompagn\u00e9e d\u2019un <strong>num\u00e9ro de suivi<\/strong> vous permettant de suivre votre colis.<\/li>\n\n\n\n<li>Si votre colis est retard\u00e9, veuillez nous contacter \u2014 nous sommes l\u00e0 pour vous aider jusqu\u2019\u00e0 sa livraison en toute s\u00e9curit\u00e9.<\/li>\n<\/ul>\n<\/div>\n\n\n\n<div class=\"wp-block-column is-vertically-aligned-center is-layout-flow wp-container-core-column-is-layout-f5bb311e wp-block-column-is-layout-flow\" style=\"flex-basis:50%\">\n<figure class=\"wp-block-image size-full\"><img loading=\"lazy\" decoding=\"async\" width=\"1024\" height=\"1024\" src=\"https:\/\/boutiquecompagnons.com\/wp-content\/uploads\/2025\/08\/image-1.jpg\" alt=\"\" class=\"wp-image-175\" style=\"aspect-ratio:4\/3;object-fit:cover\" srcset=\"https:\/\/boutiquecompagnons.com\/wp-content\/uploads\/2025\/08\/image-1.jpg 1024w, https:\/\/boutiquecompagnons.com\/wp-content\/uploads\/2025\/08\/image-1-300x300.jpg 300w, https:\/\/boutiquecompagnons.com\/wp-content\/uploads\/2025\/08\/image-1-150x150.jpg 150w, https:\/\/boutiquecompagnons.com\/wp-content\/uploads\/2025\/08\/image-1-768x768.jpg 768w, https:\/\/boutiquecompagnons.com\/wp-content\/uploads\/2025\/08\/image-1-12x12.jpg 12w, https:\/\/boutiquecompagnons.com\/wp-content\/uploads\/2025\/08\/image-1-600x600.jpg 600w, https:\/\/boutiquecompagnons.com\/wp-content\/uploads\/2025\/08\/image-1-100x100.jpg 100w\" sizes=\"auto, (max-width: 1024px) 100vw, 1024px\" \/><\/figure>\n<\/div>\n<\/div>\n<\/div>\n\n\n\n<div class=\"wp-block-group alignfull has-tertiary-background-color has-background has-global-padding is-layout-constrained wp-container-core-group-is-layout-7276a2bb wp-block-group-is-layout-constrained\" id=\"about\" style=\"margin-top:0;margin-bottom:0;padding-top:var(--wp--preset--spacing--60);padding-right:var(--wp--preset--spacing--30);padding-bottom:var(--wp--preset--spacing--60);padding-left:var(--wp--preset--spacing--30)\">\n<div class=\"wp-block-columns alignwide are-vertically-aligned-center is-layout-flex wp-container-core-columns-is-layout-47c06fe3 wp-block-columns-is-layout-flex\">\n<div class=\"wp-block-column is-vertically-aligned-center is-layout-flow wp-container-core-column-is-layout-f5bb311e wp-block-column-is-layout-flow\" style=\"flex-basis:50%\">\n<figure class=\"wp-block-image size-full\"><img loading=\"lazy\" decoding=\"async\" width=\"1000\" height=\"800\" src=\"https:\/\/boutiquecompagnons.com\/wp-content\/uploads\/2025\/08\/Payments_protection_icon.jpg\" alt=\"\" class=\"wp-image-180\" style=\"aspect-ratio:4\/3;object-fit:cover\" srcset=\"https:\/\/boutiquecompagnons.com\/wp-content\/uploads\/2025\/08\/Payments_protection_icon.jpg 1000w, https:\/\/boutiquecompagnons.com\/wp-content\/uploads\/2025\/08\/Payments_protection_icon-300x240.jpg 300w, https:\/\/boutiquecompagnons.com\/wp-content\/uploads\/2025\/08\/Payments_protection_icon-768x614.jpg 768w, https:\/\/boutiquecompagnons.com\/wp-content\/uploads\/2025\/08\/Payments_protection_icon-15x12.jpg 15w, https:\/\/boutiquecompagnons.com\/wp-content\/uploads\/2025\/08\/Payments_protection_icon-600x480.jpg 600w\" sizes=\"auto, (max-width: 1000px) 100vw, 1000px\" \/><\/figure>\n<\/div>\n\n\n\n<div class=\"wp-block-column is-vertically-aligned-center is-layout-flow wp-block-column-is-layout-flow\" style=\"flex-basis:60%\">\n<h2 class=\"wp-block-heading has-large-font-size\">Paiements et Protection de l\u2019Acheteur<\/h2>\n\n\n\n<p>Votre s\u00e9curit\u00e9 est notre priorit\u00e9. C\u2019est pourquoi nous n\u2019acceptons les paiements qu\u2019\u00e0 travers des prestataires de confiance :<\/p>\n\n\n\n<ul class=\"wp-block-list\">\n<li>Cartes de cr\u00e9dit et de d\u00e9bit (Visa, MasterCard, etc.)<\/li>\n\n\n\n<li>PayPal (avec protection de l\u2019acheteur)<\/li>\n<\/ul>\n\n\n\n<p>Cela signifie que votre argent est toujours en s\u00e9curit\u00e9. En cas de probl\u00e8me, vous \u00eates couvert.<\/p>\n<\/div>\n<\/div>\n<\/div>\n\n\n\n<div class=\"wp-block-group alignfull has-global-padding is-layout-constrained wp-container-core-group-is-layout-7276a2bb wp-block-group-is-layout-constrained\" id=\"about\" style=\"margin-top:0;margin-bottom:0;padding-top:var(--wp--preset--spacing--60);padding-right:var(--wp--preset--spacing--30);padding-bottom:var(--wp--preset--spacing--60);padding-left:var(--wp--preset--spacing--30)\">\n<div class=\"wp-block-columns alignwide are-vertically-aligned-center is-layout-flex wp-container-core-columns-is-layout-47c06fe3 wp-block-columns-is-layout-flex\">\n<div class=\"wp-block-column is-vertically-aligned-center is-layout-flow wp-block-column-is-layout-flow\" style=\"flex-basis:60%\">\n<h2 class=\"wp-block-heading has-large-font-size\">Notre promesse<\/h2>\n\n\n\n<p>Nous sommes une nouvelle boutique, mais nous croyons que la confiance se construit pas \u00e0 pas. Nous nous engageons \u00e0 :<\/p>\n\n\n\n<ul class=\"wp-block-list\">\n<li>\u00catre transparents sur les d\u00e9lais de livraison<\/li>\n\n\n\n<li>Vous tenir inform\u00e9(e) de l\u2019avancement de votre commande<\/li>\n\n\n\n<li>Traiter chaque client avec respect et attention<\/li>\n<\/ul>\n\n\n\n<p>Merci de soutenir une petite entreprise et de rejoindre notre famille de passionn\u00e9s d\u2019animaux ! \ud83d\udc3e<\/p>\n<\/div>\n\n\n\n<div class=\"wp-block-column is-vertically-aligned-center is-layout-flow wp-container-core-column-is-layout-f5bb311e wp-block-column-is-layout-flow\" style=\"flex-basis:50%\">\n<figure class=\"wp-block-image alignnone\"><img loading=\"lazy\" decoding=\"async\" width=\"800\" height=\"800\" src=\"https:\/\/boutiquecompagnons.com\/wp-content\/uploads\/2025\/08\/cat_and_dog_are_sitting_in_scarves-1.jpg\" alt=\"\" class=\"wp-image-183\" srcset=\"https:\/\/boutiquecompagnons.com\/wp-content\/uploads\/2025\/08\/cat_and_dog_are_sitting_in_scarves-1.jpg 800w, https:\/\/boutiquecompagnons.com\/wp-content\/uploads\/2025\/08\/cat_and_dog_are_sitting_in_scarves-1-300x300.jpg 300w, https:\/\/boutiquecompagnons.com\/wp-content\/uploads\/2025\/08\/cat_and_dog_are_sitting_in_scarves-1-150x150.jpg 150w, https:\/\/boutiquecompagnons.com\/wp-content\/uploads\/2025\/08\/cat_and_dog_are_sitting_in_scarves-1-768x768.jpg 768w, https:\/\/boutiquecompagnons.com\/wp-content\/uploads\/2025\/08\/cat_and_dog_are_sitting_in_scarves-1-12x12.jpg 12w, https:\/\/boutiquecompagnons.com\/wp-content\/uploads\/2025\/08\/cat_and_dog_are_sitting_in_scarves-1-600x600.jpg 600w, https:\/\/boutiquecompagnons.com\/wp-content\/uploads\/2025\/08\/cat_and_dog_are_sitting_in_scarves-1-100x100.jpg 100w\" sizes=\"auto, (max-width: 800px) 100vw, 800px\" \/><\/figure>\n<\/div>\n<\/div>\n<\/div>\n\n\n\n<p><\/p>","protected":false},"excerpt":{"rendered":"<p>Who We Are Welcome to La Boutique des Compagnons \u2013 a pet-friendly online shop created with love for animals and their humans. Our mission is simple: to bring you unique, fun, and practical pet products that you won\u2019t easily find in local stores. We carefully select our assortment to make sure you get items that [&hellip;]<\/p>\n","protected":false},"author":1,"featured_media":0,"parent":0,"menu_order":0,"comment_status":"closed","ping_status":"closed","template":"page-with-title","meta":{"om_disable_all_campaigns":false,"_monsterinsights_skip_tracking":false,"_monsterinsights_sitenote_active":false,"_monsterinsights_sitenote_note":"","_monsterinsights_sitenote_category":0,"footnotes":""},"class_list":["post-20","page","type-page","status-publish","hentry"],"aioseo_notices":[],"_links":{"self":[{"href":"https:\/\/boutiquecompagnons.com\/fr\/wp-json\/wp\/v2\/pages\/20","targetHints":{"allow":["GET"]}}],"collection":[{"href":"https:\/\/boutiquecompagnons.com\/fr\/wp-json\/wp\/v2\/pages"}],"about":[{"href":"https:\/\/boutiquecompagnons.com\/fr\/wp-json\/wp\/v2\/types\/page"}],"author":[{"embeddable":true,"href":"https:\/\/boutiquecompagnons.com\/fr\/wp-json\/wp\/v2\/users\/1"}],"replies":[{"embeddable":true,"href":"https:\/\/boutiquecompagnons.com\/fr\/wp-json\/wp\/v2\/comments?post=20"}],"version-history":[{"count":10,"href":"https:\/\/boutiquecompagnons.com\/fr\/wp-json\/wp\/v2\/pages\/20\/revisions"}],"predecessor-version":[{"id":1798,"href":"https:\/\/boutiquecompagnons.com\/fr\/wp-json\/wp\/v2\/pages\/20\/revisions\/1798"}],"wp:attachment":[{"href":"https:\/\/boutiquecompagnons.com\/fr\/wp-json\/wp\/v2\/media?parent=20"}],"curies":[{"name":"wp","href":"https:\/\/api.w.org\/{rel}","templated":true}]}}