{"id":21,"date":"2025-08-04T12:44:11","date_gmt":"2025-08-04T12:44:11","guid":{"rendered":"https:\/\/boutiquecompagnons.com\/contact\/"},"modified":"2025-12-07T16:43:02","modified_gmt":"2025-12-07T16:43:02","slug":"contact","status":"publish","type":"page","link":"https:\/\/boutiquecompagnons.com\/fr\/contact\/","title":{"rendered":"Nous contacter"},"content":{"rendered":"<div class=\"wp-block-group alignfull has-background-background-color has-background has-global-padding is-layout-constrained wp-container-core-group-is-layout-7276a2bb wp-block-group-is-layout-constrained\" id=\"contact\" style=\"margin-top:0;margin-bottom:0;padding-top:var(--wp--preset--spacing--60);padding-right:var(--wp--preset--spacing--30);padding-bottom:var(--wp--preset--spacing--60);padding-left:var(--wp--preset--spacing--30)\">\n<div class=\"wp-block-group has-global-padding is-layout-constrained wp-block-group-is-layout-constrained\" style=\"margin-bottom:var(--wp--preset--spacing--40)\">\n<h2 class=\"wp-block-heading has-text-align-center has-large-font-size\">Nous sommes toujours ravis de r\u00e9pondre \u00e0 vos questions !<\/h2>\n\n\n\n<p class=\"has-text-align-center\" style=\"margin-top:1rem\">Send us your questions or messages, and we\u2019ll get back to you as soon as possible.<\/p>\n<\/div>\n\n\n\n<div class=\"wp-block-contact-form-7-contact-form-selector\">\n<div class=\"wpcf7 no-js\" id=\"wpcf7-f18-o1\" lang=\"en\" dir=\"ltr\" data-wpcf7-id=\"18\">\n<div class=\"screen-reader-response\"><p role=\"status\" aria-live=\"polite\" aria-atomic=\"true\"><\/p> <ul><\/ul><\/div>\n<form action=\"\/fr\/wp-json\/wp\/v2\/pages\/21#wpcf7-f18-o1\" method=\"post\" class=\"wpcf7-form init\" aria-label=\"Contact form\" novalidate=\"novalidate\" data-status=\"init\" data-trp-original-action=\"\/fr\/wp-json\/wp\/v2\/pages\/21#wpcf7-f18-o1\">\n<fieldset class=\"hidden-fields-container\"><input type=\"hidden\" name=\"_wpcf7\" value=\"18\" \/><input type=\"hidden\" name=\"_wpcf7_version\" value=\"6.1.5\" \/><input type=\"hidden\" name=\"_wpcf7_locale\" value=\"en\" \/><input type=\"hidden\" name=\"_wpcf7_unit_tag\" value=\"wpcf7-f18-o1\" \/><input type=\"hidden\" name=\"_wpcf7_container_post\" value=\"0\" \/><input type=\"hidden\" name=\"_wpcf7_posted_data_hash\" value=\"\" \/>\n<\/fieldset>\n<p><label> Votre nom<br \/>\n<span class=\"wpcf7-form-control-wrap\" data-name=\"your-name\"><input size=\"40\" maxlength=\"400\" class=\"wpcf7-form-control wpcf7-text wpcf7-validates-as-required\" autocomplete=\"name\" aria-required=\"true\" aria-invalid=\"false\" value=\"\" type=\"text\" name=\"your-name\" \/><\/span> <\/label>\n<\/p>\n<p><label> Votre e-mail<br \/>\n<span class=\"wpcf7-form-control-wrap\" data-name=\"your-email\"><input size=\"40\" maxlength=\"400\" class=\"wpcf7-form-control wpcf7-email wpcf7-validates-as-required wpcf7-text wpcf7-validates-as-email\" autocomplete=\"email\" aria-required=\"true\" aria-invalid=\"false\" value=\"\" type=\"email\" name=\"your-email\" \/><\/span> <\/label>\n<\/p>\n<p><label> Objet<br \/>\n<span class=\"wpcf7-form-control-wrap\" data-name=\"your-subject\"><input size=\"40\" maxlength=\"400\" class=\"wpcf7-form-control wpcf7-text wpcf7-validates-as-required\" aria-required=\"true\" aria-invalid=\"false\" value=\"\" type=\"text\" name=\"your-subject\" \/><\/span> <\/label>\n<\/p>\n<p><label> Votre message<br \/>\n<span class=\"wpcf7-form-control-wrap\" data-name=\"your-message\"><textarea cols=\"40\" rows=\"10\" maxlength=\"2000\" class=\"wpcf7-form-control wpcf7-textarea\" aria-invalid=\"false\" name=\"your-message\"><\/textarea><\/span> <\/label>\n<\/p>\n<p><input class=\"wpcf7-form-control wpcf7-submit has-spinner\" type=\"submit\" value=\"Envoyer\" \/>\n<\/p><div class=\"wpcf7-response-output\" aria-hidden=\"true\"><\/div>\n<input type=\"hidden\" name=\"trp-form-language\" value=\"fr\"\/><\/form>\n<\/div>\n<\/div>\n<\/div>\n\n\n\n<div class=\"wp-block-group alignfull has-tertiary-background-color has-background has-global-padding is-layout-constrained wp-container-core-group-is-layout-7276a2bb wp-block-group-is-layout-constrained\" id=\"faq\" style=\"margin-top:0;margin-bottom:0;padding-top:var(--wp--preset--spacing--60);padding-right:var(--wp--preset--spacing--30);padding-bottom:var(--wp--preset--spacing--60);padding-left:var(--wp--preset--spacing--30)\">\n<div class=\"wp-block-group alignwide is-vertical is-layout-flex wp-container-core-group-is-layout-fe9cc265 wp-block-group-is-layout-flex\">\n<div class=\"wp-block-group alignwide has-global-padding is-content-justification-center is-layout-constrained wp-block-group-is-layout-constrained\">\n<h2 class=\"wp-block-heading has-large-font-size\">Questions fr\u00e9quentes<\/h2>\n\n\n\n<p style=\"margin-top:16px\">Trouvez des r\u00e9ponses rapides aux questions fr\u00e9quentes sur nos produits et services pour animaux.<\/p>\n<\/div>\n<\/div>\n\n\n\n<div class=\"wp-block-columns alignwide is-layout-flex wp-container-core-columns-is-layout-47c06fe3 wp-block-columns-is-layout-flex\">\n<div class=\"wp-block-column is-layout-flow wp-container-core-column-is-layout-119bc444 wp-block-column-is-layout-flow\">\n<div class=\"wp-block-group is-nowrap is-layout-flex wp-container-core-group-is-layout-6a90dc5c wp-block-group-is-layout-flex\">\n<figure class=\"wp-block-image size-large wp-duotone-primary-foreground\"><img decoding=\"async\" src=\"data:image\/svg+xml;base64,PHN2ZyB4bWxucz0iaHR0cDovL3d3dy53My5vcmcvMjAwMC9zdmciIHdpZHRoPSI0OCIgaGVpZ2h0PSI0OCIgZmlsbD0ibm9uZSIgdmlld0JveD0iMCAwIDQ4IDQ4Ij48bWFzayBpZD0iYSIgd2lkdGg9IjQ4IiBoZWlnaHQ9IjQ4IiB4PSIwIiB5PSIwIiBtYXNrVW5pdHM9InVzZXJTcGFjZU9uVXNlIiBzdHlsZT0ibWFzay10eXBlOmFscGhhIj48cGF0aCBmaWxsPSIjRDlEOUQ5IiBkPSJNMCAwaDQ4djQ4SDB6Ii8+PC9tYXNrPjxnIG1hc2s9InVybCgjYSkiPjxwYXRoIGZpbGw9IiM1RjYzNjgiIGQ9Ik0yNC4yIDM1LjY1Yy41MzMgMCAuOTgzLS4xODMgMS4zNS0uNTUuMzY3LS4zNjcuNTUtLjgxNy41NS0xLjM1IDAtLjUzMy0uMTgzLS45ODMtLjU1LTEuMzVhMS44MzUgMS44MzUgMCAwIDAtMS4zNS0uNTVjLS41MzMgMC0uOTgzLjE4My0xLjM1LjU1LS4zNjcuMzY3LS41NS44MTctLjU1IDEuMzUgMCAuNTMzLjE4My45ODMuNTUgMS4zNS4zNjcuMzY3LjgxNy41NSAxLjM1LjU1Wm0tMS43NS03LjNoMi45NWMwLS44NjcuMTA4LTEuNjU4LjMyNS0yLjM3NS4yMTctLjcxNy44OTItMS41NDIgMi4wMjUtMi40NzUgMS4wMzMtLjg2NyAxLjc2Ny0xLjcxNyAyLjItMi41NS40MzMtLjgzMy42NS0xLjc1LjY1LTIuNzUgMC0xLjc2Ny0uNTc1LTMuMTgzLTEuNzI1LTQuMjUtMS4xNS0xLjA2Ny0yLjY3NS0xLjYtNC41NzUtMS42LTEuNjMzIDAtMy4wNzUuNDA4LTQuMzI1IDEuMjI1LTEuMjUuODE3LTIuMTU4IDEuOTQyLTIuNzI1IDMuMzc1bDIuNjUgMWMuMzY3LS45MzMuOTE3LTEuNjU4IDEuNjUtMi4xNzUuNzMzLS41MTcgMS42LS43NzUgMi42LS43NzUgMS4xMzMgMCAyLjA1LjMwOCAyLjc1LjkyNS43LjYxNyAxLjA1IDEuNDA4IDEuMDUgMi4zNzUgMCAuNzMzLS4yMTcgMS40MjUtLjY1IDIuMDc1LS40MzMuNjUtMS4wNjcgMS4zMjUtMS45IDIuMDI1LTEgLjg2Ny0xLjc0MiAxLjcyNS0yLjIyNSAyLjU3NS0uNDgzLjg1LS43MjUgMS45NzUtLjcyNSAzLjM3NVpNMjQgNDRjLTIuNzMzIDAtNS4zMTctLjUyNS03Ljc1LTEuNTc1LTIuNDMzLTEuMDUtNC41NTgtMi40ODMtNi4zNzUtNC4zLTEuODE3LTEuODE3LTMuMjUtMy45NDItNC4zLTYuMzc1QzQuNTI1IDI5LjMxNyA0IDI2LjczMyA0IDI0YzAtMi43NjcuNTI1LTUuMzY3IDEuNTc1LTcuOCAxLjA1LTIuNDMzIDIuNDgzLTQuNTUgNC4zLTYuMzUgMS44MTctMS44IDMuOTQyLTMuMjI1IDYuMzc1LTQuMjc1QzE4LjY4MyA0LjUyNSAyMS4yNjcgNCAyNCA0YzIuNzY3IDAgNS4zNjcuNTI1IDcuOCAxLjU3NSAyLjQzMyAxLjA1IDQuNTUgMi40NzUgNi4zNSA0LjI3NSAxLjggMS44IDMuMjI1IDMuOTE3IDQuMjc1IDYuMzVDNDMuNDc1IDE4LjYzMyA0NCAyMS4yMzMgNDQgMjRjMCAyLjczMy0uNTI1IDUuMzE3LTEuNTc1IDcuNzUtMS4wNSAyLjQzMy0yLjQ3NSA0LjU1OC00LjI3NSA2LjM3NS0xLjggMS44MTctMy45MTcgMy4yNS02LjM1IDQuM0MyOS4zNjcgNDMuNDc1IDI2Ljc2NyA0NCAyNCA0NFptMC0zYzQuNzMzIDAgOC43NS0xLjY1OCAxMi4wNS00Ljk3NUMzOS4zNSAzMi43MDggNDEgMjguNyA0MSAyNGMwLTQuNzMzLTEuNjUtOC43NS00Ljk1LTEyLjA1QzMyLjc1IDguNjUgMjguNzMzIDcgMjQgN2MtNC43IDAtOC43MDggMS42NS0xMi4wMjUgNC45NUM4LjY1OCAxNS4yNSA3IDE5LjI2NyA3IDI0YzAgNC43IDEuNjU4IDguNzA4IDQuOTc1IDEyLjAyNUMxNS4yOTIgMzkuMzQyIDE5LjMgNDEgMjQgNDFaIi8+PC9nPjwvc3ZnPg==\" alt=\"\" style=\"object-fit:cover\"\/><\/figure>\n\n\n\n<div class=\"wp-block-group wp-container-content-958eb9dc has-global-padding is-layout-constrained wp-block-group-is-layout-constrained\">\n<h4 class=\"wp-block-heading\" style=\"font-size:clamp(14px, 0.875rem + ((1vw - 3.2px) * 0.625), 20px);line-height:1.5\">Quels types d\u2019accessoires pour animaux proposez-vous ?<\/h4>\n\n\n\n<p class=\"has-small-font-size\" style=\"margin-top:4px\">Nous proposons une s\u00e9lection soign\u00e9e comprenant des jouets, des outils de toilettage et des essentiels du quotidien.<\/p>\n<\/div>\n<\/div>\n\n\n\n<div class=\"wp-block-group is-nowrap is-layout-flex wp-container-core-group-is-layout-6a90dc5c wp-block-group-is-layout-flex\">\n<figure class=\"wp-block-image size-large wp-duotone-primary-foreground\"><img decoding=\"async\" src=\"data:image\/svg+xml;base64,PHN2ZyB4bWxucz0iaHR0cDovL3d3dy53My5vcmcvMjAwMC9zdmciIHdpZHRoPSI0OCIgaGVpZ2h0PSI0OCIgZmlsbD0ibm9uZSIgdmlld0JveD0iMCAwIDQ4IDQ4Ij48bWFzayBpZD0iYSIgd2lkdGg9IjQ4IiBoZWlnaHQ9IjQ4IiB4PSIwIiB5PSIwIiBtYXNrVW5pdHM9InVzZXJTcGFjZU9uVXNlIiBzdHlsZT0ibWFzay10eXBlOmFscGhhIj48cGF0aCBmaWxsPSIjRDlEOUQ5IiBkPSJNMCAwaDQ4djQ4SDB6Ii8+PC9tYXNrPjxnIG1hc2s9InVybCgjYSkiPjxwYXRoIGZpbGw9IiM1RjYzNjgiIGQ9Ik0yNC4yIDM1LjY1Yy41MzMgMCAuOTgzLS4xODMgMS4zNS0uNTUuMzY3LS4zNjcuNTUtLjgxNy41NS0xLjM1IDAtLjUzMy0uMTgzLS45ODMtLjU1LTEuMzVhMS44MzUgMS44MzUgMCAwIDAtMS4zNS0uNTVjLS41MzMgMC0uOTgzLjE4My0xLjM1LjU1LS4zNjcuMzY3LS41NS44MTctLjU1IDEuMzUgMCAuNTMzLjE4My45ODMuNTUgMS4zNS4zNjcuMzY3LjgxNy41NSAxLjM1LjU1Wm0tMS43NS03LjNoMi45NWMwLS44NjcuMTA4LTEuNjU4LjMyNS0yLjM3NS4yMTctLjcxNy44OTItMS41NDIgMi4wMjUtMi40NzUgMS4wMzMtLjg2NyAxLjc2Ny0xLjcxNyAyLjItMi41NS40MzMtLjgzMy42NS0xLjc1LjY1LTIuNzUgMC0xLjc2Ny0uNTc1LTMuMTgzLTEuNzI1LTQuMjUtMS4xNS0xLjA2Ny0yLjY3NS0xLjYtNC41NzUtMS42LTEuNjMzIDAtMy4wNzUuNDA4LTQuMzI1IDEuMjI1LTEuMjUuODE3LTIuMTU4IDEuOTQyLTIuNzI1IDMuMzc1bDIuNjUgMWMuMzY3LS45MzMuOTE3LTEuNjU4IDEuNjUtMi4xNzUuNzMzLS41MTcgMS42LS43NzUgMi42LS43NzUgMS4xMzMgMCAyLjA1LjMwOCAyLjc1LjkyNS43LjYxNyAxLjA1IDEuNDA4IDEuMDUgMi4zNzUgMCAuNzMzLS4yMTcgMS40MjUtLjY1IDIuMDc1LS40MzMuNjUtMS4wNjcgMS4zMjUtMS45IDIuMDI1LTEgLjg2Ny0xLjc0MiAxLjcyNS0yLjIyNSAyLjU3NS0uNDgzLjg1LS43MjUgMS45NzUtLjcyNSAzLjM3NVpNMjQgNDRjLTIuNzMzIDAtNS4zMTctLjUyNS03Ljc1LTEuNTc1LTIuNDMzLTEuMDUtNC41NTgtMi40ODMtNi4zNzUtNC4zLTEuODE3LTEuODE3LTMuMjUtMy45NDItNC4zLTYuMzc1QzQuNTI1IDI5LjMxNyA0IDI2LjczMyA0IDI0YzAtMi43NjcuNTI1LTUuMzY3IDEuNTc1LTcuOCAxLjA1LTIuNDMzIDIuNDgzLTQuNTUgNC4zLTYuMzUgMS44MTctMS44IDMuOTQyLTMuMjI1IDYuMzc1LTQuMjc1QzE4LjY4MyA0LjUyNSAyMS4yNjcgNCAyNCA0YzIuNzY3IDAgNS4zNjcuNTI1IDcuOCAxLjU3NSAyLjQzMyAxLjA1IDQuNTUgMi40NzUgNi4zNSA0LjI3NSAxLjggMS44IDMuMjI1IDMuOTE3IDQuMjc1IDYuMzVDNDMuNDc1IDE4LjYzMyA0NCAyMS4yMzMgNDQgMjRjMCAyLjczMy0uNTI1IDUuMzE3LTEuNTc1IDcuNzUtMS4wNSAyLjQzMy0yLjQ3NSA0LjU1OC00LjI3NSA2LjM3NS0xLjggMS44MTctMy45MTcgMy4yNS02LjM1IDQuM0MyOS4zNjcgNDMuNDc1IDI2Ljc2NyA0NCAyNCA0NFptMC0zYzQuNzMzIDAgOC43NS0xLjY1OCAxMi4wNS00Ljk3NUMzOS4zNSAzMi43MDggNDEgMjguNyA0MSAyNGMwLTQuNzMzLTEuNjUtOC43NS00Ljk1LTEyLjA1QzMyLjc1IDguNjUgMjguNzMzIDcgMjQgN2MtNC43IDAtOC43MDggMS42NS0xMi4wMjUgNC45NUM4LjY1OCAxNS4yNSA3IDE5LjI2NyA3IDI0YzAgNC43IDEuNjU4IDguNzA4IDQuOTc1IDEyLjAyNUMxNS4yOTIgMzkuMzQyIDE5LjMgNDEgMjQgNDFaIi8+PC9nPjwvc3ZnPg==\" alt=\"\" style=\"object-fit:cover\"\/><\/figure>\n\n\n\n<div class=\"wp-block-group wp-container-content-958eb9dc has-global-padding is-layout-constrained wp-block-group-is-layout-constrained\">\n<h4 class=\"wp-block-heading\" style=\"font-size:clamp(14px, 0.875rem + ((1vw - 3.2px) * 0.625), 20px);line-height:1.5\">Comment puis-je suivre ma commande ?<\/h4>\n\n\n\n<p class=\"has-small-font-size\" style=\"margin-top:4px\">Une fois exp\u00e9di\u00e9e, utilisez le lien de suivi envoy\u00e9 \u00e0 votre e-mail pour suivre la livraison.<\/p>\n<\/div>\n<\/div>\n<\/div>\n\n\n\n<div class=\"wp-block-column is-layout-flow wp-container-core-column-is-layout-119bc444 wp-block-column-is-layout-flow\">\n<div class=\"wp-block-group is-nowrap is-layout-flex wp-container-core-group-is-layout-6a90dc5c wp-block-group-is-layout-flex\">\n<figure class=\"wp-block-image size-large wp-duotone-primary-foreground\"><img decoding=\"async\" src=\"data:image\/svg+xml;base64,PHN2ZyB4bWxucz0iaHR0cDovL3d3dy53My5vcmcvMjAwMC9zdmciIHdpZHRoPSI0OCIgaGVpZ2h0PSI0OCIgZmlsbD0ibm9uZSIgdmlld0JveD0iMCAwIDQ4IDQ4Ij48bWFzayBpZD0iYSIgd2lkdGg9IjQ4IiBoZWlnaHQ9IjQ4IiB4PSIwIiB5PSIwIiBtYXNrVW5pdHM9InVzZXJTcGFjZU9uVXNlIiBzdHlsZT0ibWFzay10eXBlOmFscGhhIj48cGF0aCBmaWxsPSIjRDlEOUQ5IiBkPSJNMCAwaDQ4djQ4SDB6Ii8+PC9tYXNrPjxnIG1hc2s9InVybCgjYSkiPjxwYXRoIGZpbGw9IiM1RjYzNjgiIGQ9Ik0yNC4yIDM1LjY1Yy41MzMgMCAuOTgzLS4xODMgMS4zNS0uNTUuMzY3LS4zNjcuNTUtLjgxNy41NS0xLjM1IDAtLjUzMy0uMTgzLS45ODMtLjU1LTEuMzVhMS44MzUgMS44MzUgMCAwIDAtMS4zNS0uNTVjLS41MzMgMC0uOTgzLjE4My0xLjM1LjU1LS4zNjcuMzY3LS41NS44MTctLjU1IDEuMzUgMCAuNTMzLjE4My45ODMuNTUgMS4zNS4zNjcuMzY3LjgxNy41NSAxLjM1LjU1Wm0tMS43NS03LjNoMi45NWMwLS44NjcuMTA4LTEuNjU4LjMyNS0yLjM3NS4yMTctLjcxNy44OTItMS41NDIgMi4wMjUtMi40NzUgMS4wMzMtLjg2NyAxLjc2Ny0xLjcxNyAyLjItMi41NS40MzMtLjgzMy42NS0xLjc1LjY1LTIuNzUgMC0xLjc2Ny0uNTc1LTMuMTgzLTEuNzI1LTQuMjUtMS4xNS0xLjA2Ny0yLjY3NS0xLjYtNC41NzUtMS42LTEuNjMzIDAtMy4wNzUuNDA4LTQuMzI1IDEuMjI1LTEuMjUuODE3LTIuMTU4IDEuOTQyLTIuNzI1IDMuMzc1bDIuNjUgMWMuMzY3LS45MzMuOTE3LTEuNjU4IDEuNjUtMi4xNzUuNzMzLS41MTcgMS42LS43NzUgMi42LS43NzUgMS4xMzMgMCAyLjA1LjMwOCAyLjc1LjkyNS43LjYxNyAxLjA1IDEuNDA4IDEuMDUgMi4zNzUgMCAuNzMzLS4yMTcgMS40MjUtLjY1IDIuMDc1LS40MzMuNjUtMS4wNjcgMS4zMjUtMS45IDIuMDI1LTEgLjg2Ny0xLjc0MiAxLjcyNS0yLjIyNSAyLjU3NS0uNDgzLjg1LS43MjUgMS45NzUtLjcyNSAzLjM3NVpNMjQgNDRjLTIuNzMzIDAtNS4zMTctLjUyNS03Ljc1LTEuNTc1LTIuNDMzLTEuMDUtNC41NTgtMi40ODMtNi4zNzUtNC4zLTEuODE3LTEuODE3LTMuMjUtMy45NDItNC4zLTYuMzc1QzQuNTI1IDI5LjMxNyA0IDI2LjczMyA0IDI0YzAtMi43NjcuNTI1LTUuMzY3IDEuNTc1LTcuOCAxLjA1LTIuNDMzIDIuNDgzLTQuNTUgNC4zLTYuMzUgMS44MTctMS44IDMuOTQyLTMuMjI1IDYuMzc1LTQuMjc1QzE4LjY4MyA0LjUyNSAyMS4yNjcgNCAyNCA0YzIuNzY3IDAgNS4zNjcuNTI1IDcuOCAxLjU3NSAyLjQzMyAxLjA1IDQuNTUgMi40NzUgNi4zNSA0LjI3NSAxLjggMS44IDMuMjI1IDMuOTE3IDQuMjc1IDYuMzVDNDMuNDc1IDE4LjYzMyA0NCAyMS4yMzMgNDQgMjRjMCAyLjczMy0uNTI1IDUuMzE3LTEuNTc1IDcuNzUtMS4wNSAyLjQzMy0yLjQ3NSA0LjU1OC00LjI3NSA2LjM3NS0xLjggMS44MTctMy45MTcgMy4yNS02LjM1IDQuM0MyOS4zNjcgNDMuNDc1IDI2Ljc2NyA0NCAyNCA0NFptMC0zYzQuNzMzIDAgOC43NS0xLjY1OCAxMi4wNS00Ljk3NUMzOS4zNSAzMi43MDggNDEgMjguNyA0MSAyNGMwLTQuNzMzLTEuNjUtOC43NS00Ljk1LTEyLjA1QzMyLjc1IDguNjUgMjguNzMzIDcgMjQgN2MtNC43IDAtOC43MDggMS42NS0xMi4wMjUgNC45NUM4LjY1OCAxNS4yNSA3IDE5LjI2NyA3IDI0YzAgNC43IDEuNjU4IDguNzA4IDQuOTc1IDEyLjAyNUMxNS4yOTIgMzkuMzQyIDE5LjMgNDEgMjQgNDFaIi8+PC9nPjwvc3ZnPg==\" alt=\"\" style=\"object-fit:cover\"\/><\/figure>\n\n\n\n<div class=\"wp-block-group wp-container-content-958eb9dc has-global-padding is-layout-constrained wp-block-group-is-layout-constrained\">\n<h4 class=\"wp-block-heading\" style=\"font-size:clamp(14px, 0.875rem + ((1vw - 3.2px) * 0.625), 20px);line-height:1.5\">Exp\u00e9diez-vous \u00e0 l\u2019international ?<\/h4>\n\n\n\n<p class=\"has-small-font-size\" style=\"margin-top:4px\">Actuellement, nous livrons uniquement au Canada. Profitez de la livraison gratuite sur toutes les commandes !<\/p>\n<\/div>\n<\/div>\n\n\n\n<div class=\"wp-block-group is-nowrap is-layout-flex wp-container-core-group-is-layout-6a90dc5c wp-block-group-is-layout-flex\">\n<figure class=\"wp-block-image size-large wp-duotone-primary-foreground\"><img decoding=\"async\" src=\"data:image\/svg+xml;base64,PHN2ZyB4bWxucz0iaHR0cDovL3d3dy53My5vcmcvMjAwMC9zdmciIHdpZHRoPSI0OCIgaGVpZ2h0PSI0OCIgZmlsbD0ibm9uZSIgdmlld0JveD0iMCAwIDQ4IDQ4Ij48bWFzayBpZD0iYSIgd2lkdGg9IjQ4IiBoZWlnaHQ9IjQ4IiB4PSIwIiB5PSIwIiBtYXNrVW5pdHM9InVzZXJTcGFjZU9uVXNlIiBzdHlsZT0ibWFzay10eXBlOmFscGhhIj48cGF0aCBmaWxsPSIjRDlEOUQ5IiBkPSJNMCAwaDQ4djQ4SDB6Ii8+PC9tYXNrPjxnIG1hc2s9InVybCgjYSkiPjxwYXRoIGZpbGw9IiM1RjYzNjgiIGQ9Ik0yNC4yIDM1LjY1Yy41MzMgMCAuOTgzLS4xODMgMS4zNS0uNTUuMzY3LS4zNjcuNTUtLjgxNy41NS0xLjM1IDAtLjUzMy0uMTgzLS45ODMtLjU1LTEuMzVhMS44MzUgMS44MzUgMCAwIDAtMS4zNS0uNTVjLS41MzMgMC0uOTgzLjE4My0xLjM1LjU1LS4zNjcuMzY3LS41NS44MTctLjU1IDEuMzUgMCAuNTMzLjE4My45ODMuNTUgMS4zNS4zNjcuMzY3LjgxNy41NSAxLjM1LjU1Wm0tMS43NS03LjNoMi45NWMwLS44NjcuMTA4LTEuNjU4LjMyNS0yLjM3NS4yMTctLjcxNy44OTItMS41NDIgMi4wMjUtMi40NzUgMS4wMzMtLjg2NyAxLjc2Ny0xLjcxNyAyLjItMi41NS40MzMtLjgzMy42NS0xLjc1LjY1LTIuNzUgMC0xLjc2Ny0uNTc1LTMuMTgzLTEuNzI1LTQuMjUtMS4xNS0xLjA2Ny0yLjY3NS0xLjYtNC41NzUtMS42LTEuNjMzIDAtMy4wNzUuNDA4LTQuMzI1IDEuMjI1LTEuMjUuODE3LTIuMTU4IDEuOTQyLTIuNzI1IDMuMzc1bDIuNjUgMWMuMzY3LS45MzMuOTE3LTEuNjU4IDEuNjUtMi4xNzUuNzMzLS41MTcgMS42LS43NzUgMi42LS43NzUgMS4xMzMgMCAyLjA1LjMwOCAyLjc1LjkyNS43LjYxNyAxLjA1IDEuNDA4IDEuMDUgMi4zNzUgMCAuNzMzLS4yMTcgMS40MjUtLjY1IDIuMDc1LS40MzMuNjUtMS4wNjcgMS4zMjUtMS45IDIuMDI1LTEgLjg2Ny0xLjc0MiAxLjcyNS0yLjIyNSAyLjU3NS0uNDgzLjg1LS43MjUgMS45NzUtLjcyNSAzLjM3NVpNMjQgNDRjLTIuNzMzIDAtNS4zMTctLjUyNS03Ljc1LTEuNTc1LTIuNDMzLTEuMDUtNC41NTgtMi40ODMtNi4zNzUtNC4zLTEuODE3LTEuODE3LTMuMjUtMy45NDItNC4zLTYuMzc1QzQuNTI1IDI5LjMxNyA0IDI2LjczMyA0IDI0YzAtMi43NjcuNTI1LTUuMzY3IDEuNTc1LTcuOCAxLjA1LTIuNDMzIDIuNDgzLTQuNTUgNC4zLTYuMzUgMS44MTctMS44IDMuOTQyLTMuMjI1IDYuMzc1LTQuMjc1QzE4LjY4MyA0LjUyNSAyMS4yNjcgNCAyNCA0YzIuNzY3IDAgNS4zNjcuNTI1IDcuOCAxLjU3NSAyLjQzMyAxLjA1IDQuNTUgMi40NzUgNi4zNSA0LjI3NSAxLjggMS44IDMuMjI1IDMuOTE3IDQuMjc1IDYuMzVDNDMuNDc1IDE4LjYzMyA0NCAyMS4yMzMgNDQgMjRjMCAyLjczMy0uNTI1IDUuMzE3LTEuNTc1IDcuNzUtMS4wNSAyLjQzMy0yLjQ3NSA0LjU1OC00LjI3NSA2LjM3NS0xLjggMS44MTctMy45MTcgMy4yNS02LjM1IDQuM0MyOS4zNjcgNDMuNDc1IDI2Ljc2NyA0NCAyNCA0NFptMC0zYzQuNzMzIDAgOC43NS0xLjY1OCAxMi4wNS00Ljk3NUMzOS4zNSAzMi43MDggNDEgMjguNyA0MSAyNGMwLTQuNzMzLTEuNjUtOC43NS00Ljk1LTEyLjA1QzMyLjc1IDguNjUgMjguNzMzIDcgMjQgN2MtNC43IDAtOC43MDggMS42NS0xMi4wMjUgNC45NUM4LjY1OCAxNS4yNSA3IDE5LjI2NyA3IDI0YzAgNC43IDEuNjU4IDguNzA4IDQuOTc1IDEyLjAyNUMxNS4yOTIgMzkuMzQyIDE5LjMgNDEgMjQgNDFaIi8+PC9nPjwvc3ZnPg==\" alt=\"\" style=\"object-fit:cover\"\/><\/figure>\n\n\n\n<div class=\"wp-block-group wp-container-content-958eb9dc has-global-padding is-layout-constrained wp-block-group-is-layout-constrained\">\n<h4 class=\"wp-block-heading\" style=\"font-size:clamp(14px, 0.875rem + ((1vw - 3.2px) * 0.625), 20px);line-height:1.5\">Puis-je retourner ou \u00e9changer des articles ?<\/h4>\n\n\n\n<p class=\"has-small-font-size\" style=\"margin-top:4px\">Nous acceptons les retours ou \u00e9changes uniquement en cas d\u2019articles endommag\u00e9s, d\u00e9fectueux ou incorrects. Si vous rencontrez un probl\u00e8me avec votre commande, veuillez nous contacter dans les **7 jours suivant la livraison** en joignant des photos ou vid\u00e9os du probl\u00e8me. Nous travaillerons avec notre fournisseur pour le r\u00e9soudre rapidement, soit en envoyant un remplacement, soit en proc\u00e9dant \u00e0 un remboursement.<\/p>\n<\/div>\n<\/div>\n<\/div>\n<\/div>\n<\/div>","protected":false},"excerpt":{"rendered":"<p>We\u2019re always happy to hear from you! Send us your questions or messages, and we\u2019ll get back to you as soon as possible. Frequently Asked Questions Find quick answers to popular questions about our pet products and services. What types of pet accessories do you offer? We feature a curated range including toys, grooming tools, [&hellip;]<\/p>\n","protected":false},"author":1,"featured_media":0,"parent":0,"menu_order":0,"comment_status":"closed","ping_status":"closed","template":"page-with-title","meta":{"om_disable_all_campaigns":false,"_monsterinsights_skip_tracking":false,"_monsterinsights_sitenote_active":false,"_monsterinsights_sitenote_note":"","_monsterinsights_sitenote_category":0,"footnotes":""},"class_list":["post-21","page","type-page","status-publish","hentry"],"aioseo_notices":[],"_links":{"self":[{"href":"https:\/\/boutiquecompagnons.com\/fr\/wp-json\/wp\/v2\/pages\/21","targetHints":{"allow":["GET"]}}],"collection":[{"href":"https:\/\/boutiquecompagnons.com\/fr\/wp-json\/wp\/v2\/pages"}],"about":[{"href":"https:\/\/boutiquecompagnons.com\/fr\/wp-json\/wp\/v2\/types\/page"}],"author":[{"embeddable":true,"href":"https:\/\/boutiquecompagnons.com\/fr\/wp-json\/wp\/v2\/users\/1"}],"replies":[{"embeddable":true,"href":"https:\/\/boutiquecompagnons.com\/fr\/wp-json\/wp\/v2\/comments?post=21"}],"version-history":[{"count":6,"href":"https:\/\/boutiquecompagnons.com\/fr\/wp-json\/wp\/v2\/pages\/21\/revisions"}],"predecessor-version":[{"id":1809,"href":"https:\/\/boutiquecompagnons.com\/fr\/wp-json\/wp\/v2\/pages\/21\/revisions\/1809"}],"wp:attachment":[{"href":"https:\/\/boutiquecompagnons.com\/fr\/wp-json\/wp\/v2\/media?parent=21"}],"curies":[{"name":"wp","href":"https:\/\/api.w.org\/{rel}","templated":true}]}}