{"id":1170,"date":"2025-09-10T02:29:53","date_gmt":"2025-09-10T02:29:53","guid":{"rendered":"https:\/\/boutiquecompagnons.com\/product\/honeycomb-cat-litter-mat-double-layer-waterproof-urine-proof-pad\/"},"modified":"2025-12-08T20:05:46","modified_gmt":"2025-12-08T20:05:46","slug":"honeycomb-cat-litter-mat-double-layer-waterproof-urine-proof-pad","status":"publish","type":"product","link":"https:\/\/boutiquecompagnons.com\/fr\/produit\/honeycomb-cat-litter-mat-double-layer-waterproof-urine-proof-pad\/","title":{"rendered":"Tapis \u00e0 liti\u00e8re pour chat en nid d\u2019abeille \u2013 Coussin imperm\u00e9able \u00e0 double couche"},"content":{"rendered":"<h2 data-start=\"328\" data-end=\"431\">\ud83d\udc31 <strong data-start=\"334\" data-end=\"431\">Tapis \u00e0 liti\u00e8re pour chat en nid d\u2019abeille \u2013 Coussin pour chat imperm\u00e9able et anti-urine \u00e0 double couche pour un sol sans d\u00e9sordre<\/strong><\/h2>\n<p data-start=\"433\" data-end=\"800\"><strong data-start=\"433\" data-end=\"486\">Dites adieu \u00e0 la liti\u00e8re \u00e9parpill\u00e9e et aux sols sales !<\/strong><br data-start=\"486\" data-end=\"489\" \/>Le tapis \u00e0 liti\u00e8re pour chat en nid d\u2019abeille est la solution id\u00e9ale pour tout propri\u00e9taire de chat souhaitant garder sa maison propre, hygi\u00e9nique et sans odeurs. Con\u00e7u avec une structure innovante en nid d\u2019abeille \u00e0 double couche, ce tapis capture efficacement la liti\u00e8re et absorbe l\u2019humidit\u00e9, rendant le nettoyage apr\u00e8s votre chat plus facile que jamais.<\/p>\n<h3 data-start=\"802\" data-end=\"839\">\ud83e\uddfc <strong data-start=\"809\" data-end=\"839\">Une maison plus propre commence avec le tapis \u00e0 liti\u00e8re pour chat en nid d\u2019abeille<\/strong><\/h3>\n<p data-start=\"841\" data-end=\"1288\">Si vous en avez assez de retrouver de la liti\u00e8re partout sur votre sol, ce tapis va changer votre routine quotidienne. La couche sup\u00e9rieure comporte de grands trous hexagonaux qui permettent \u00e0 la liti\u00e8re libre de tomber facilement. La seconde couche capture et stocke la liti\u00e8re, emp\u00eachant qu\u2019elle ne soit tra\u00een\u00e9e sur vos sols. Lorsqu\u2019il est temps de nettoyer, il suffit de soulever le tapis et de reverser la liti\u00e8re pi\u00e9g\u00e9e dans la liti\u00e8re ou \u00e0 la poubelle \u2014 rapide, hygi\u00e9nique et sans gaspillage.<\/p>\n<h3 data-start=\"1290\" data-end=\"1330\">\ud83d\udca6 <strong data-start=\"1297\" data-end=\"1330\">Base imperm\u00e9able et anti-urine<\/strong><\/h3>\n<p data-start=\"1332\" data-end=\"1752\">Des accidents peuvent arriver, surtout avec les chatons ou les chats \u00e2g\u00e9s. C\u2019est pourquoi ce tapis est con\u00e7u avec une couche inf\u00e9rieure enti\u00e8rement imperm\u00e9able en mousse EVA de qualit\u00e9 sup\u00e9rieure. Elle emp\u00eache l\u2019urine ou l\u2019eau de s\u2019infiltrer sur vos sols, prot\u00e9geant ainsi vos parquets, carrelages ou tapis des taches et des odeurs d\u00e9sagr\u00e9ables. Le dessous antid\u00e9rapant assure \u00e9galement que le tapis reste en place, m\u00eame lorsque votre chat saute hors de la liti\u00e8re avec enthousiasme.<\/p>\n<h3 data-start=\"1754\" data-end=\"1793\">\ud83c\udf31 <strong data-start=\"1761\" data-end=\"1793\">\u00c9cologique et s\u00fbr pour les chats<\/strong><\/h3>\n<p data-start=\"1795\" data-end=\"2167\">La sant\u00e9 et le confort de votre animal passent avant tout. Le tapis \u00e0 liti\u00e8re pour chat en nid d\u2019abeille est fabriqu\u00e9 en mousse EVA \u00e9cologique, l\u00e9g\u00e8re, souple et douce pour les pattes de votre chat. Le mat\u00e9riau est 100 % non toxique, sans BPA et enti\u00e8rement s\u00fbr pour les chats comme pour les humains. Contrairement aux tapis en caoutchouc qui peuvent sentir mauvais ou s\u2019user rapidement, la mousse EVA est durable, inodore et con\u00e7ue pour durer.<\/p>\n<h3 data-start=\"2169\" data-end=\"2215\">\ud83c\udfe1 <strong data-start=\"2176\" data-end=\"2215\">Un design pratique au service d\u2019un style moderne<\/strong><\/h3>\n<p data-start=\"2217\" data-end=\"2601\">Ce tapis n\u2019est pas seulement fonctionnel \u2014 il est aussi esth\u00e9tique ! Avec son design minimaliste et ses couleurs neutres (gris et noir), il s\u2019int\u00e8gre parfaitement \u00e0 tout type de d\u00e9coration int\u00e9rieure. Les bords matelass\u00e9s et soign\u00e9s ajoutent durabilit\u00e9 et style, garantissant que le tapis conserve sa forme m\u00eame avec une utilisation quotidienne. Que vous viviez dans un appartement ou une maison, ce tapis \u00e0 liti\u00e8re s\u2019int\u00e8gre harmonieusement \u00e0 votre espace.<\/p>\n<h3 data-start=\"2603\" data-end=\"2641\">\ud83e\uddfd <strong data-start=\"2610\" data-end=\"2641\">Routine de nettoyage sans effort avec le tapis \u00e0 liti\u00e8re pour chat en nid d\u2019abeille<\/strong><\/h3>\n<p data-start=\"2643\" data-end=\"2993\">Le nettoyage devient un jeu d\u2019enfant \u2014 il suffit de soulever, de verser et de rincer. La structure \u00e0 double couche du tapis se s\u00e9pare facilement pour un lavage complet. Vous pouvez l\u2019aspirer, le secouer ou le rincer sous l\u2019eau courante. La mousse EVA \u00e0 s\u00e9chage rapide garantit qu\u2019il est pr\u00eat \u00e0 \u00eatre r\u00e9utilis\u00e9 en un rien de temps. Vous passerez moins de temps \u00e0 nettoyer et plus de temps \u00e0 profiter des moments de jeu avec votre compagnon \u00e0 quatre pattes.<\/p>\n<h3 data-start=\"2995\" data-end=\"3028\">\ud83d\udc3e <strong data-start=\"3002\" data-end=\"3028\">Pourquoi les propri\u00e9taires de chats l\u2019adorent<\/strong><\/h3>\n<ul>\n<li data-start=\"3030\" data-end=\"3257\">Garde votre maison fra\u00eeche et propre chaque jour<\/li>\n<li data-start=\"3030\" data-end=\"3257\">R\u00e9duit la dispersion de la liti\u00e8re et permet d\u2019\u00e9conomiser sur la liti\u00e8re<\/li>\n<li data-start=\"3030\" data-end=\"3257\">Surface douce et s\u00fbre pour les pattes sensibles des chats<\/li>\n<li data-start=\"3030\" data-end=\"3257\">Facile \u00e0 nettoyer, l\u00e9ger et durable<\/li>\n<li data-start=\"3030\" data-end=\"3257\">Id\u00e9al pour un ou plusieurs chats<\/li>\n<\/ul>\n<h3 data-start=\"3259\" data-end=\"3285\">\ud83d\udccf <strong data-start=\"3266\" data-end=\"3285\">Tailles disponibles :<\/strong><\/h3>\n<ul data-start=\"3287\" data-end=\"3496\">\n<li data-start=\"3287\" data-end=\"3353\">\n<p data-start=\"3289\" data-end=\"3353\"><strong data-start=\"3289\" data-end=\"3308\">S (30 \u00d7 30 cm):<\/strong> Parfait pour les chatons ou les petites liti\u00e8res.<\/p>\n<\/li>\n<li data-start=\"3354\" data-end=\"3431\">\n<p data-start=\"3356\" data-end=\"3431\"><strong data-start=\"3356\" data-end=\"3375\">M (45 \u00d7 60 cm):<\/strong> Id\u00e9al pour les chats de taille moyenne et les liti\u00e8res standard.<\/p>\n<\/li>\n<li data-start=\"3432\" data-end=\"3496\">\n<p data-start=\"3434\" data-end=\"3496\"><strong data-start=\"3434\" data-end=\"3453\">L (55 \u00d7 75 cm):<\/strong> Parfait pour les grands chats ou les foyers avec plusieurs chats.<\/p>\n<\/li>\n<\/ul>\n<p data-start=\"3498\" data-end=\"3595\"><strong data-start=\"3498\" data-end=\"3511\">Mat\u00e9riau :<\/strong> Mousse EVA \u00e9cologique<br data-start=\"3533\" data-end=\"3536\" \/><strong data-start=\"3536\" data-end=\"3547\">Couleurs :<\/strong> Gris | Noir<br data-start=\"3560\" data-end=\"3563\" \/><strong data-start=\"3563\" data-end=\"3577\">Emballage :<\/strong> Sac plastique OPP<\/p>\n<p data-start=\"3597\" data-end=\"3651\"><strong data-start=\"3597\" data-end=\"3618\">Le colis comprend :<\/strong><br data-start=\"3618\" data-end=\"3621\" \/>1 \u00d7 Tapis \u00e0 liti\u00e8re pour chat en nid d\u2019abeille<\/p>\n<p><img loading=\"lazy\" decoding=\"async\" class=\"alignnone\" src=\"https:\/\/cf.cjdropshipping.com\/06a9fb48-ee67-44e8-aadb-dbe2a2bc2d75.jpg\" alt=\"honeycomb cat litter mat double-layer waterproof design\" width=\"800\" height=\"753\" \/> <img decoding=\"async\" src=\"https:\/\/cf.cjdropshipping.com\/f17db1d8-84f4-49a1-a59a-f8db8297899e.jpg\" \/> <img loading=\"lazy\" decoding=\"async\" class=\"alignnone\" src=\"https:\/\/cf.cjdropshipping.com\/6f4dcbfb-c0c8-432d-8063-3e43e12ccd9a.jpg\" alt=\"eva foam cat litter pad trapping cat litter and urine\" width=\"800\" height=\"572\" \/> <img decoding=\"async\" src=\"https:\/\/cf.cjdropshipping.com\/1458e8d9-6de7-4e30-95ad-ae8a1a904c5a.jpg\" \/> <img loading=\"lazy\" decoding=\"async\" class=\"alignnone\" src=\"https:\/\/cf.cjdropshipping.com\/b1310092-8934-4d29-befc-5980c1f20c72.jpg\" alt=\"double layer cat litter trapper for kittens and adult cats\" width=\"800\" height=\"763\" \/> <img loading=\"lazy\" decoding=\"async\" class=\"alignnone\" src=\"https:\/\/cf.cjdropshipping.com\/38502405-0a3a-4ec4-a409-3660a5655b8a.jpg\" alt=\"easy to clean waterproof cat mat for mess-free home\" width=\"800\" height=\"703\" \/><\/p>","protected":false},"excerpt":{"rendered":"<p>Gardez votre sol propre avec notre tapis \u00e0 liti\u00e8re pour chat en nid d\u2019abeille imperm\u00e9able. Son design \u00e0 double couche retient la liti\u00e8re et l\u2019urine pour un nettoyage facile et une maison sans d\u00e9sordre.<\/p>","protected":false},"featured_media":1163,"comment_status":"open","ping_status":"closed","template":"","meta":{"om_disable_all_campaigns":false,"_monsterinsights_skip_tracking":false,"_monsterinsights_sitenote_active":false,"_monsterinsights_sitenote_note":"","_monsterinsights_sitenote_category":0},"product_brand":[],"product_cat":[19],"product_tag":[125,124,126,122,123],"class_list":{"0":"post-1170","1":"product","2":"type-product","3":"status-publish","4":"has-post-thumbnail","6":"product_cat-pet-accessories","7":"product_tag-cat-litter-trapper","8":"product_tag-double-layer-cat-mat","9":"product_tag-easy-clean-pet-mat","10":"product_tag-honeycomb-litter-mat","11":"product_tag-waterproof-cat-pad","13":"first","14":"instock","15":"shipping-taxable","16":"purchasable","17":"product-type-variable"},"aioseo_notices":[],"_links":{"self":[{"href":"https:\/\/boutiquecompagnons.com\/fr\/wp-json\/wp\/v2\/product\/1170","targetHints":{"allow":["GET"]}}],"collection":[{"href":"https:\/\/boutiquecompagnons.com\/fr\/wp-json\/wp\/v2\/product"}],"about":[{"href":"https:\/\/boutiquecompagnons.com\/fr\/wp-json\/wp\/v2\/types\/product"}],"replies":[{"embeddable":true,"href":"https:\/\/boutiquecompagnons.com\/fr\/wp-json\/wp\/v2\/comments?post=1170"}],"wp:featuredmedia":[{"embeddable":true,"href":"https:\/\/boutiquecompagnons.com\/fr\/wp-json\/wp\/v2\/media\/1163"}],"wp:attachment":[{"href":"https:\/\/boutiquecompagnons.com\/fr\/wp-json\/wp\/v2\/media?parent=1170"}],"wp:term":[{"taxonomy":"product_brand","embeddable":true,"href":"https:\/\/boutiquecompagnons.com\/fr\/wp-json\/wp\/v2\/product_brand?post=1170"},{"taxonomy":"product_cat","embeddable":true,"href":"https:\/\/boutiquecompagnons.com\/fr\/wp-json\/wp\/v2\/product_cat?post=1170"},{"taxonomy":"product_tag","embeddable":true,"href":"https:\/\/boutiquecompagnons.com\/fr\/wp-json\/wp\/v2\/product_tag?post=1170"}],"curies":[{"name":"wp","href":"https:\/\/api.w.org\/{rel}","templated":true}]}}