{"id":1199,"date":"2025-09-10T02:48:50","date_gmt":"2025-09-10T02:48:50","guid":{"rendered":"https:\/\/boutiquecompagnons.com\/product\/portable-dog-poop-scooper-automatic-pet-waste-cleaner-for-outdoor-use\/"},"modified":"2025-12-08T17:09:22","modified_gmt":"2025-12-08T17:09:22","slug":"portable-dog-poop-scooper-automatic-pet-waste-cleaner-for-outdoor-use","status":"publish","type":"product","link":"https:\/\/boutiquecompagnons.com\/fr\/produit\/portable-dog-poop-scooper-automatic-pet-waste-cleaner-for-outdoor-use\/","title":{"rendered":"Portable Ramasse-Crottes pour Chien \u2013 Nettoyeur de D\u00e9jections Canines"},"content":{"rendered":"<h2 data-start=\"374\" data-end=\"455\">\ud83d\udc36 <strong data-start=\"380\" data-end=\"455\">Ramasse-Crottes pour Chien Portable \u2013 Nettoyeur Automatique de D\u00e9jections Canines pour Usage Ext\u00e9rieur<\/strong><\/h2>\n<p data-start=\"457\" data-end=\"828\">Garder votre environnement propre n'a jamais \u00e9t\u00e9 aussi simple ! Le Ramasse-Crottes pour Chien Portable est un outil indispensable pour tout propri\u00e9taire d'animal responsable qui souhaite une m\u00e9thode rapide, facile et hygi\u00e9nique pour ramasser apr\u00e8s ses animaux. Que vous promeniez votre chien au parc, que vous voyagiez ou que vous passiez du temps en plein air, ce nettoyeur automatique de d\u00e9jections animales pratique rend le nettoyage simple et sans stress.<\/p>\n<p data-start=\"830\" data-end=\"1069\">Dites adieu \u00e0 vous pencher, \u00e0 utiliser des sacs en plastique fins ou \u00e0 toucher directement les d\u00e9chets. Gr\u00e2ce \u00e0 sa conception ergonomique \u00e0 une main et sa prise en main ferme, ce ramasse-crottes vous aide \u00e0 nettoyer en quelques secondes tout en gardant vos mains parfaitement propres et sans odeur.<\/p>\n<hr data-start=\"1071\" data-end=\"1074\" \/>\n<h2 data-start=\"1076\" data-end=\"1098\">\ud83c\udf1f <strong data-start=\"1082\" data-end=\"1098\">Caract\u00e9ristiques Principales du Ramasse-Crottes pour Chien Portable<\/strong><\/h2>\n<ul data-start=\"1100\" data-end=\"1847\">\n<li data-start=\"1100\" data-end=\"1270\">\n<p data-start=\"1102\" data-end=\"1270\"><strong data-start=\"1102\" data-end=\"1138\">Fonctionnement Automatique \u00e0 Une Main :<\/strong> Con\u00e7u pour la commodit\u00e9 \u2014 ouvrez, ramassez et rel\u00e2chez simplement ! L'action du ressort puissant assure une \u00e9tanch\u00e9it\u00e9 serr\u00e9e pour un nettoyage efficace.<\/p>\n<\/li>\n<li data-start=\"1271\" data-end=\"1415\">\n<p data-start=\"1273\" data-end=\"1415\"><strong data-start=\"1273\" data-end=\"1297\">Finies les Mains Sales :<\/strong> Gardez vos mains propres et s\u00e8ches en tout temps. Compatible avec des sacs \u00e0 d\u00e9chets jetables pour une exp\u00e9rience encore plus hygi\u00e9nique.<\/p>\n<\/li>\n<li data-start=\"1416\" data-end=\"1564\">\n<p data-start=\"1418\" data-end=\"1564\"><strong data-start=\"1418\" data-end=\"1444\">R\u00e9sistant et L\u00e9ger :<\/strong> Fabriqu\u00e9 en plastique ABS de haute qualit\u00e9, \u00e0 la fois robuste et l\u00e9ger, garantissant une utilisation durable pour les promenades quotidiennes ou les voyages.<\/p>\n<\/li>\n<li data-start=\"1565\" data-end=\"1714\">\n<p data-start=\"1567\" data-end=\"1714\"><strong data-start=\"1567\" data-end=\"1596\">Portable et Facile \u00e0 Transporter :<\/strong> Assez compact pour \u00eatre attach\u00e9 \u00e0 une laisse ou \u00e0 un sac \u00e0 dos, ce qui le rend id\u00e9al pour les voyages, les aventures en plein air ou les promenades quotidiennes.<\/p>\n<\/li>\n<li data-start=\"1715\" data-end=\"1847\">\n<p data-start=\"1717\" data-end=\"1847\"><strong data-start=\"1717\" data-end=\"1743\">Adapt\u00e9 \u00e0 Tous les Animaux :<\/strong> Fonctionne parfaitement pour les chiens de toutes tailles \u2014 petits, moyens et grands \u2014 et m\u00eame pour les chats ou autres petits animaux.<\/p>\n<\/li>\n<\/ul>\n<hr data-start=\"1849\" data-end=\"1852\" \/>\n<h2 data-start=\"1854\" data-end=\"1878\">\ud83d\udccf <strong>Sp\u00e9cifications du Ramasse-Crottes pour Chien Portable<\/strong><\/h2>\n<div class=\"_tableContainer_1rjym_1\">\n<div class=\"group _tableWrapper_1rjym_13 flex w-fit flex-col-reverse\" tabindex=\"-1\">\n<table class=\"w-fit min-w-(--thread-content-width)\" style=\"border: 1px solid black; border-collapse: collapse;\" data-start=\"1880\" data-end=\"2104\">\n<thead data-start=\"1880\" data-end=\"1922\">\n<tr data-start=\"1880\" data-end=\"1922\">\n<th style=\"border: 1px solid black; padding: 8px;\" data-start=\"1880\" data-end=\"1890\" data-col-size=\"sm\">Version<\/th>\n<th style=\"border: 1px solid black; padding: 8px;\" data-start=\"1890\" data-end=\"1897\" data-col-size=\"sm\">Taille<\/th>\n<th style=\"border: 1px solid black; padding: 8px;\" data-start=\"1897\" data-end=\"1906\" data-col-size=\"sm\">Poids<\/th>\n<th style=\"border: 1px solid black; padding: 8px;\" data-start=\"1906\" data-end=\"1922\" data-col-size=\"sm\">Dimensions de l'Emballage<\/th>\n<\/tr>\n<\/thead>\n<tbody data-start=\"1969\" data-end=\"2104\">\n<tr data-start=\"1969\" data-end=\"2035\">\n<td style=\"border: 1px solid black; padding: 8px;\" data-start=\"1969\" data-end=\"1984\" data-col-size=\"sm\"><strong data-start=\"1971\" data-end=\"1983\">Standard<\/strong><\/td>\n<td style=\"border: 1px solid black; padding: 8px;\" data-col-size=\"sm\" data-start=\"1984\" data-end=\"2005\">25.5 \u00d7 7.5 \u00d7 11 cm<\/td>\n<td style=\"border: 1px solid black; padding: 8px;\" data-col-size=\"sm\" data-start=\"2005\" data-end=\"2013\">300 g<\/td>\n<td style=\"border: 1px solid black; padding: 8px;\" data-col-size=\"sm\" data-start=\"2013\" data-end=\"2035\">27.4 \u00d7 8 \u00d7 12.8 cm<\/td>\n<\/tr>\n<tr data-start=\"2036\" data-end=\"2104\">\n<td style=\"border: 1px solid black; padding: 8px;\" data-start=\"2036\" data-end=\"2051\" data-col-size=\"sm\"><strong data-start=\"2038\" data-end=\"2050\">D\u00e9pli\u00e9<\/strong><\/td>\n<td style=\"border: 1px solid black; padding: 8px;\" data-col-size=\"sm\" data-start=\"2051\" data-end=\"2073\">43 \u00d7 11.5 \u00d7 14.5 cm<\/td>\n<td style=\"border: 1px solid black; padding: 8px;\" data-col-size=\"sm\" data-start=\"2073\" data-end=\"2081\">525 g<\/td>\n<td style=\"border: 1px solid black; padding: 8px;\" data-col-size=\"sm\" data-start=\"2081\" data-end=\"2104\">44.9 \u00d7 11 \u00d7 15.4 cm<\/td>\n<\/tr>\n<\/tbody>\n<\/table>\n<\/div>\n<\/div>\n<p data-start=\"2106\" data-end=\"2251\"><strong data-start=\"2106\" data-end=\"2119\">Mat\u00e9riau :<\/strong> Plastique ABS Premium<br data-start=\"2139\" data-end=\"2142\" \/><strong data-start=\"2142\" data-end=\"2153\">Couleurs :<\/strong> Rouge, Jaune, Bleu<br data-start=\"2171\" data-end=\"2174\" \/><strong data-start=\"2174\" data-end=\"2194\">Tailles disponibles :<\/strong> Petit (25,5 \u00d7 6,8 \u00d7 12,5 cm) \/ Grand (44 \u00d7 20 \u00d7 11,5 cm)<\/p>\n<p><strong>Contenu du colis :<\/strong><\/p>\n<p>1 x Ramasse-Crottes pour Chien Portable (inclut un sac en plastique)<\/p>\n<hr data-start=\"2253\" data-end=\"2256\" \/>\n<h2 data-start=\"2258\" data-end=\"2286\">\ud83d\udca1 <strong data-start=\"2264\" data-end=\"2286\">Pourquoi vous allez l\u2019adorer<\/strong><\/h2>\n<ul data-start=\"2288\" data-end=\"2574\">\n<li data-start=\"2288\" data-end=\"2351\">\n<p data-start=\"2290\" data-end=\"2351\">Gardez votre maison, votre jardin et les espaces publics propres et hygi\u00e9niques<\/p>\n<\/li>\n<li data-start=\"2352\" data-end=\"2406\">\n<p data-start=\"2354\" data-end=\"2406\">Id\u00e9al pour les promenades quotidiennes, le camping ou les longs voyages sur la route<\/p>\n<\/li>\n<li data-start=\"2407\" data-end=\"2465\">\n<p data-start=\"2409\" data-end=\"2465\">Alternative \u00e9cologique au nettoyage avec des plastiques \u00e0 usage unique<\/p>\n<\/li>\n<li data-start=\"2466\" data-end=\"2526\">\n<p data-start=\"2468\" data-end=\"2526\">Gagnez du temps \u2014 fini la recherche de sacs en papier ou en plastique<\/p>\n<\/li>\n<li data-start=\"2527\" data-end=\"2574\">\n<p data-start=\"2529\" data-end=\"2574\">Con\u00e7u pour le confort, la rapidit\u00e9 et l'efficacit\u00e9<\/p>\n<\/li>\n<\/ul>\n<hr data-start=\"2576\" data-end=\"2579\" \/>\n<p data-start=\"2581\" data-end=\"2784\">Avec le Ramasse-Crottes pour Chien Portable, chaque promenade devient plus propre, plus facile et plus agr\u00e9able. Prot\u00e9gez votre environnement, gardez vos mains sans germes et montrez votre amour \u00e0 votre animal \u2014 une pellet\u00e9e \u00e0 la fois !<\/p>\n<p><img loading=\"lazy\" decoding=\"async\" class=\"alignnone\" src=\"https:\/\/cf.cjdropshipping.com\/f127c3f5-e1ad-4cb5-a376-95a9cadcf60d.png\" alt=\"Portable dog poop scooper for outdoor pet waste cleanup\" width=\"692\" height=\"747\" \/><\/p>\n<p>&nbsp;<\/p>\n<p>&nbsp;<\/p>\n<p>&nbsp;<\/p>\n<p>&nbsp;<\/p>\n<p><img loading=\"lazy\" decoding=\"async\" class=\"alignnone\" src=\"https:\/\/cf.cjdropshipping.com\/16367616\/1636799586624.jpg\" alt=\"Automatic pet waste cleaner with one-hand operation\" width=\"790\" height=\"1116\" \/><\/p>\n<p><img decoding=\"async\" src=\"https:\/\/cf.cjdropshipping.com\/16367616\/1636798733721.jpg\" width=\"50%\" \/><\/p>\n<p><img loading=\"lazy\" decoding=\"async\" class=\"alignnone\" src=\"https:\/\/cf.cjdropshipping.com\/16367616\/1636797929672.jpg\" alt=\"Durable plastic dog poop scooper for small and large pets\" width=\"750\" height=\"963\" \/><\/p>\n<p><img decoding=\"async\" src=\"https:\/\/cf.cjdropshipping.com\/a96a2150-1a32-4f11-b687-1d081979144c.jpg\" \/> <img decoding=\"async\" src=\"https:\/\/cf.cjdropshipping.com\/34b7b4a5-19c3-4478-b427-e0dc4ce64bd0.jpg\" \/><\/p>","protected":false},"excerpt":{"rendered":"<p>Gardez vos promenades propres avec ce ramasse-crottes portable pour chien. Facile, hygi\u00e9nique et parfait pour nettoyer les d\u00e9jections canines en ext\u00e9rieur, \u00e0 tout moment et en tout lieu.<\/p>","protected":false},"featured_media":1189,"comment_status":"open","ping_status":"closed","template":"","meta":{"om_disable_all_campaigns":false,"_monsterinsights_skip_tracking":false,"_monsterinsights_sitenote_active":false,"_monsterinsights_sitenote_note":"","_monsterinsights_sitenote_category":0},"product_brand":[],"product_cat":[19],"product_tag":[127,130,129,131,128],"class_list":{"0":"post-1199","1":"product","2":"type-product","3":"status-publish","4":"has-post-thumbnail","6":"product_cat-pet-accessories","7":"product_tag-dog-poop-scooper","8":"product_tag-outdoor-dog-tool","9":"product_tag-pet-waste-cleaner","10":"product_tag-poop-scoop-for-dogs","11":"product_tag-portable-pet-toilet","13":"first","14":"instock","15":"shipping-taxable","16":"purchasable","17":"product-type-variable"},"aioseo_notices":[],"_links":{"self":[{"href":"https:\/\/boutiquecompagnons.com\/fr\/wp-json\/wp\/v2\/product\/1199","targetHints":{"allow":["GET"]}}],"collection":[{"href":"https:\/\/boutiquecompagnons.com\/fr\/wp-json\/wp\/v2\/product"}],"about":[{"href":"https:\/\/boutiquecompagnons.com\/fr\/wp-json\/wp\/v2\/types\/product"}],"replies":[{"embeddable":true,"href":"https:\/\/boutiquecompagnons.com\/fr\/wp-json\/wp\/v2\/comments?post=1199"}],"wp:featuredmedia":[{"embeddable":true,"href":"https:\/\/boutiquecompagnons.com\/fr\/wp-json\/wp\/v2\/media\/1189"}],"wp:attachment":[{"href":"https:\/\/boutiquecompagnons.com\/fr\/wp-json\/wp\/v2\/media?parent=1199"}],"wp:term":[{"taxonomy":"product_brand","embeddable":true,"href":"https:\/\/boutiquecompagnons.com\/fr\/wp-json\/wp\/v2\/product_brand?post=1199"},{"taxonomy":"product_cat","embeddable":true,"href":"https:\/\/boutiquecompagnons.com\/fr\/wp-json\/wp\/v2\/product_cat?post=1199"},{"taxonomy":"product_tag","embeddable":true,"href":"https:\/\/boutiquecompagnons.com\/fr\/wp-json\/wp\/v2\/product_tag?post=1199"}],"curies":[{"name":"wp","href":"https:\/\/api.w.org\/{rel}","templated":true}]}}