{"id":1284,"date":"2025-09-10T21:56:54","date_gmt":"2025-09-10T21:56:54","guid":{"rendered":"https:\/\/boutiquecompagnons.com\/product\/cat-dog-grooming-comb-hair-removal-brush-and-massage-tool\/"},"modified":"2025-11-17T04:01:04","modified_gmt":"2025-11-17T04:01:04","slug":"cat-dog-grooming-comb-hair-removal-brush-and-massage-tool","status":"publish","type":"product","link":"https:\/\/boutiquecompagnons.com\/fr\/produit\/cat-dog-grooming-comb-hair-removal-brush-and-massage-tool\/","title":{"rendered":"Peigne de toilettage pour chat et chien \u2013 Brosse anti-poils et outil de massage"},"content":{"rendered":"<p data-start=\"233\" data-end=\"551\"><strong data-start=\"233\" data-end=\"246\">Pr\u00e9sentation :<\/strong><br data-start=\"246\" data-end=\"249\" \/>Gardez votre compagnon \u00e0 quatre pattes en bonne sant\u00e9 et heureux gr\u00e2ce \u00e0 notre peigne pour chats et chiens. Un toilettage r\u00e9gulier \u00e9limine non seulement les poils morts, mais aide \u00e9galement \u00e0 pr\u00e9venir les boules de poils, les n\u0153uds et l\u2019accumulation de bact\u00e9ries. La conception douce du peigne masse votre animal, stimule la circulation sanguine et laisse son pelage lisse et brillant.<\/p>\n<p data-start=\"553\" data-end=\"568\"><strong data-start=\"553\" data-end=\"566\">Avantages :<\/strong><\/p>\n<ul data-start=\"569\" data-end=\"905\">\n<li data-start=\"569\" data-end=\"643\">\n<p data-start=\"571\" data-end=\"643\"><strong data-start=\"571\" data-end=\"593\">R\u00e9duit les boules de poils :<\/strong> Un brossage r\u00e9gulier r\u00e9duit l\u2019ingestion de poils morts.<\/p>\n<\/li>\n<li data-start=\"644\" data-end=\"710\">\n<p data-start=\"646\" data-end=\"710\"><strong data-start=\"646\" data-end=\"667\">Pr\u00e9vient les n\u0153uds :<\/strong> Emp\u00eache la formation de n\u0153uds et de tapis de poils.<\/p>\n<\/li>\n<li data-start=\"711\" data-end=\"798\">\n<p data-start=\"713\" data-end=\"798\"><strong data-start=\"713\" data-end=\"733\">Favorise la sant\u00e9 :<\/strong> Un massage doux stimule la circulation sanguine et am\u00e9liore la sant\u00e9 de la peau.<\/p>\n<\/li>\n<li data-start=\"799\" data-end=\"905\">\n<p data-start=\"801\" data-end=\"905\"><strong data-start=\"801\" data-end=\"826\">Toilettage confortable :<\/strong> Les dents en acier inoxydable lisses offrent un toilettage facile et sans douleur.<\/p>\n<\/li>\n<\/ul>\n<p data-start=\"907\" data-end=\"933\"><strong data-start=\"907\" data-end=\"931\">Informations sur le produit :<\/strong><\/p>\n<ul data-start=\"934\" data-end=\"1066\">\n<li data-start=\"934\" data-end=\"957\">\n<p data-start=\"936\" data-end=\"957\"><strong data-start=\"936\" data-end=\"951\">Poids net :<\/strong> 83g<\/p>\n<\/li>\n<li data-start=\"958\" data-end=\"995\">\n<p data-start=\"960\" data-end=\"995\"><strong data-start=\"960\" data-end=\"971\">Couleurs :<\/strong> Vert, Jaune, Violet<\/p>\n<\/li>\n<li data-start=\"996\" data-end=\"1035\">\n<p data-start=\"998\" data-end=\"1035\"><strong data-start=\"998\" data-end=\"1011\">Mat\u00e9riau :<\/strong> ABS + Acier inoxydable<\/p>\n<\/li>\n<li data-start=\"1036\" data-end=\"1066\">\n<p data-start=\"1038\" data-end=\"1066\"><strong data-start=\"1038\" data-end=\"1047\">Dimensions :<\/strong> 195 \u00d7 94 \u00d7 46 mm<\/p>\n<\/li>\n<\/ul>\n<p data-start=\"1068\" data-end=\"1087\"><strong data-start=\"1068\" data-end=\"1085\">Contenu de l\u2019emballage :<\/strong><\/p>\n<ul data-start=\"1088\" data-end=\"1113\">\n<li data-start=\"1088\" data-end=\"1113\">\n<p data-start=\"1090\" data-end=\"1113\">1 \u00d7 Peigne de toilettage pour animaux<\/p>\n<\/li>\n<\/ul>\n<p><img decoding=\"async\" src=\"https:\/\/cf.cjdropshipping.com\/17203104\/2407071036120321900.jpg\" \/> <img decoding=\"async\" src=\"https:\/\/cf.cjdropshipping.com\/17203104\/2407071036120322700.jpg\" \/> <img decoding=\"async\" src=\"https:\/\/cf.cjdropshipping.com\/17203104\/2407071036120323200.jpg\" \/> <img decoding=\"async\" src=\"https:\/\/cf.cjdropshipping.com\/17203104\/2407071036120323600.jpg\" \/> <img decoding=\"async\" src=\"https:\/\/cf.cjdropshipping.com\/17203104\/2407071036120323900.jpg\" \/> <img decoding=\"async\" src=\"https:\/\/cf.cjdropshipping.com\/17203104\/2407071036120324400.jpg\" \/> <img loading=\"lazy\" decoding=\"async\" class=\"alignnone\" src=\"https:\/\/cf.cjdropshipping.com\/17203104\/2407071036120325000.jpg\" alt=\"Cat &amp; dog grooming comb for removing hair and massaging pets\" width=\"800\" height=\"800\" \/> <img decoding=\"async\" src=\"https:\/\/cf.cjdropshipping.com\/17203104\/2407071036120325500.jpg\" \/> <img decoding=\"async\" src=\"https:\/\/cf.cjdropshipping.com\/17203104\/2407071036120325900.jpg\" \/><\/p>","protected":false},"excerpt":{"rendered":"<p>Gardez le pelage de votre animal sain et sans n\u0153uds gr\u00e2ce \u00e0 notre peigne pour chats et chiens. \u00c9limine les poils morts, pr\u00e9vient les n\u0153uds et masse d\u00e9licatement.<\/p>","protected":false},"featured_media":1274,"comment_status":"open","ping_status":"closed","template":"","meta":{"om_disable_all_campaigns":false,"_monsterinsights_skip_tracking":false,"_monsterinsights_sitenote_active":false,"_monsterinsights_sitenote_note":"","_monsterinsights_sitenote_category":0},"product_brand":[],"product_cat":[21],"product_tag":[143,144,25,142,145],"class_list":{"0":"post-1284","1":"product","2":"type-product","3":"status-publish","4":"has-post-thumbnail","6":"product_cat-grooming-tools","7":"product_tag-cat-hair-remover","8":"product_tag-dog-grooming-comb","9":"product_tag-hair-removal-tool","10":"product_tag-pet-grooming-brush","11":"product_tag-pet-massage-brush","13":"first","14":"instock","15":"shipping-taxable","16":"purchasable","17":"product-type-variable"},"aioseo_notices":[],"_links":{"self":[{"href":"https:\/\/boutiquecompagnons.com\/fr\/wp-json\/wp\/v2\/product\/1284","targetHints":{"allow":["GET"]}}],"collection":[{"href":"https:\/\/boutiquecompagnons.com\/fr\/wp-json\/wp\/v2\/product"}],"about":[{"href":"https:\/\/boutiquecompagnons.com\/fr\/wp-json\/wp\/v2\/types\/product"}],"replies":[{"embeddable":true,"href":"https:\/\/boutiquecompagnons.com\/fr\/wp-json\/wp\/v2\/comments?post=1284"}],"wp:featuredmedia":[{"embeddable":true,"href":"https:\/\/boutiquecompagnons.com\/fr\/wp-json\/wp\/v2\/media\/1274"}],"wp:attachment":[{"href":"https:\/\/boutiquecompagnons.com\/fr\/wp-json\/wp\/v2\/media?parent=1284"}],"wp:term":[{"taxonomy":"product_brand","embeddable":true,"href":"https:\/\/boutiquecompagnons.com\/fr\/wp-json\/wp\/v2\/product_brand?post=1284"},{"taxonomy":"product_cat","embeddable":true,"href":"https:\/\/boutiquecompagnons.com\/fr\/wp-json\/wp\/v2\/product_cat?post=1284"},{"taxonomy":"product_tag","embeddable":true,"href":"https:\/\/boutiquecompagnons.com\/fr\/wp-json\/wp\/v2\/product_tag?post=1284"}],"curies":[{"name":"wp","href":"https:\/\/api.w.org\/{rel}","templated":true}]}}