{"id":1352,"date":"2025-09-10T22:16:18","date_gmt":"2025-09-10T22:16:18","guid":{"rendered":"https:\/\/boutiquecompagnons.com\/product\/adjustable-dog-car-seat-belt-durable-polyester-safety-leash-for-pets\/"},"modified":"2025-11-17T03:54:39","modified_gmt":"2025-11-17T03:54:39","slug":"adjustable-dog-car-seat-belt-durable-polyester-safety-leash-for-pets","status":"publish","type":"product","link":"https:\/\/boutiquecompagnons.com\/fr\/produit\/adjustable-dog-car-seat-belt-durable-polyester-safety-leash-for-pets\/","title":{"rendered":"Ceinture de s\u00e9curit\u00e9 de voiture ajustable pour chien"},"content":{"rendered":"<p data-start=\"259\" data-end=\"274\"><strong data-start=\"259\" data-end=\"272\">Overview:<\/strong><\/p>\n<ul data-start=\"276\" data-end=\"1418\">\n<li data-start=\"276\" data-end=\"593\">\n<p data-start=\"278\" data-end=\"593\"><strong data-start=\"278\" data-end=\"295\">[Easy to Use]<\/strong><br data-start=\"295\" data-end=\"298\" \/>Simply clip one end of this <strong data-start=\"326\" data-end=\"347\">dog car seat belt<\/strong> onto your pet\u2019s harness, and secure the other end into your car\u2019s seatbelt slot just like a regular seatbelt. The adjustable length gives your dog enough space to sit, lie down, or stand comfortably, making every car ride safe and stress-free.<\/p>\n<\/li>\n<li data-start=\"595\" data-end=\"893\">\n<p data-start=\"597\" data-end=\"893\"><strong data-start=\"597\" data-end=\"639\">[Keeps Your Pet, You, and Others Safe]<\/strong><br data-start=\"639\" data-end=\"642\" \/>Prevent pets from jumping out of car windows or moving around dangerously while driving. This <strong data-start=\"736\" data-end=\"757\">dog car seat belt<\/strong> keeps your furry friend secure in one place, avoiding distractions for the driver and ensuring safety for all passengers on the road.<\/p>\n<\/li>\n<li data-start=\"895\" data-end=\"1166\">\n<p data-start=\"897\" data-end=\"1166\"><strong data-start=\"897\" data-end=\"921\">[Durable &amp; Reliable]<\/strong><br data-start=\"921\" data-end=\"924\" \/>Made from high-quality nylon fabric, reinforced with nickel-plated hardware and strong metal snaps and buckles, this <strong data-start=\"1049\" data-end=\"1070\">dog car seat belt<\/strong> is built to last and withstand daily use, making it a dependable companion for every journey.<\/p>\n<\/li>\n<li data-start=\"1168\" data-end=\"1418\">\n<p data-start=\"1170\" data-end=\"1418\"><strong data-start=\"1170\" data-end=\"1203\">[Perfect Gift for Pet Owners]<\/strong><br data-start=\"1203\" data-end=\"1206\" \/>An ideal gift for dog lovers! This <strong data-start=\"1241\" data-end=\"1273\">adjustable dog car seat belt<\/strong> is suitable for pets weighing 5\u201320 kg and ensures a safe, comfortable ride. Essential for all pet parents who enjoy traveling with their dogs.<\/p>\n<\/li>\n<\/ul>\n<p>&nbsp;<\/p>\n<p><b> Specification:<br \/>\n<\/b><\/p>\n<p>Material: Polypropylene \/ Polyester \/ Nylon<br \/>\nSize: 2.0 * 50-60cm\/2.5 * 60-70cm<br \/>\nMaterial: Polyester<br \/>\nProduct Category: Traction Belt<\/p>\n<p><b> Product Content:<br \/>\n<\/b> 1 x Belt<\/p>\n<p>&nbsp;<\/p>\n<p><img decoding=\"async\" src=\"https:\/\/cf.cjdropshipping.com\/69a1fbd3-9de4-4239-a094-5dd7aaf866b3.png\" \/><\/p>\n<p><img decoding=\"async\" src=\"https:\/\/cf.cjdropshipping.com\/dcd495b5-6fd8-4fd2-b9d9-8ae916d2ae9f.jpg\" \/><\/p>\n<p><img decoding=\"async\" src=\"https:\/\/cf.cjdropshipping.com\/a626dd0e-560f-440b-9ce6-5f9569364046.jpg\" \/> <img decoding=\"async\" src=\"https:\/\/cf.cjdropshipping.com\/23e20403-335e-4e67-a3c6-e5aec6f387ee.jpg\" \/> <img loading=\"lazy\" decoding=\"async\" class=\"alignnone\" src=\"https:\/\/cf.cjdropshipping.com\/3b4e6d5c-218a-4e5a-8bff-de9bf3b29830.jpg\" alt=\"Adjustable dog car seat belt clipped to a pet harness for safe and comfortable travel\" width=\"771\" height=\"775\" \/> <img decoding=\"async\" src=\"https:\/\/cf.cjdropshipping.com\/101a9984-0f47-455b-a76b-5966d8b4dc35.jpg\" \/><\/p>\n","protected":false},"excerpt":{"rendered":"<p>La ceinture de s\u00e9curit\u00e9 de voiture ajustable pour chien garde les animaux en s\u00e9curit\u00e9 dans la voiture. Nylon durable, mat\u00e9riel m\u00e9tallique solide et clip facile \u00e0 utiliser pour des d\u00e9placements sans stress.<\/p>","protected":false},"featured_media":1342,"comment_status":"open","ping_status":"closed","template":"","meta":{"om_disable_all_campaigns":false,"_monsterinsights_skip_tracking":false,"_monsterinsights_sitenote_active":false,"_monsterinsights_sitenote_note":"","_monsterinsights_sitenote_category":0},"product_brand":[],"product_cat":[19],"product_tag":[152,150,153,151,154],"class_list":{"0":"post-1352","1":"product","2":"type-product","3":"status-publish","4":"has-post-thumbnail","6":"product_cat-pet-accessories","7":"product_tag-adjustable-dog-belt","8":"product_tag-dog-car-seat-belt","9":"product_tag-durable-pet-strap","10":"product_tag-pet-safety-leash","11":"product_tag-travel-dog-harness","13":"first","14":"instock","15":"shipping-taxable","16":"purchasable","17":"product-type-variable"},"aioseo_notices":[],"_links":{"self":[{"href":"https:\/\/boutiquecompagnons.com\/fr\/wp-json\/wp\/v2\/product\/1352","targetHints":{"allow":["GET"]}}],"collection":[{"href":"https:\/\/boutiquecompagnons.com\/fr\/wp-json\/wp\/v2\/product"}],"about":[{"href":"https:\/\/boutiquecompagnons.com\/fr\/wp-json\/wp\/v2\/types\/product"}],"replies":[{"embeddable":true,"href":"https:\/\/boutiquecompagnons.com\/fr\/wp-json\/wp\/v2\/comments?post=1352"}],"wp:featuredmedia":[{"embeddable":true,"href":"https:\/\/boutiquecompagnons.com\/fr\/wp-json\/wp\/v2\/media\/1342"}],"wp:attachment":[{"href":"https:\/\/boutiquecompagnons.com\/fr\/wp-json\/wp\/v2\/media?parent=1352"}],"wp:term":[{"taxonomy":"product_brand","embeddable":true,"href":"https:\/\/boutiquecompagnons.com\/fr\/wp-json\/wp\/v2\/product_brand?post=1352"},{"taxonomy":"product_cat","embeddable":true,"href":"https:\/\/boutiquecompagnons.com\/fr\/wp-json\/wp\/v2\/product_cat?post=1352"},{"taxonomy":"product_tag","embeddable":true,"href":"https:\/\/boutiquecompagnons.com\/fr\/wp-json\/wp\/v2\/product_tag?post=1352"}],"curies":[{"name":"wp","href":"https:\/\/api.w.org\/{rel}","templated":true}]}}