{"id":1438,"date":"2025-09-11T01:51:39","date_gmt":"2025-09-11T01:51:39","guid":{"rendered":"https:\/\/boutiquecompagnons.com\/product\/cat-dog-interactive-slow-feeder-balance-toy-smart-treat-dispenser-iq-training-fun-pet-play\/"},"modified":"2025-11-17T03:50:07","modified_gmt":"2025-11-17T03:50:07","slug":"cat-dog-interactive-slow-feeder-balance-toy-smart-treat-dispenser-iq-training-fun-pet-play","status":"publish","type":"product","link":"https:\/\/boutiquecompagnons.com\/fr\/produit\/cat-dog-interactive-slow-feeder-balance-toy-smart-treat-dispenser-iq-training-fun-pet-play\/","title":{"rendered":"Distributeur de nourriture lent interactif pour chiens et chats \u2013 jouet distributeur de friandises"},"content":{"rendered":"<h2>Aper\u00e7u<\/h2>\n<p>Rendez les repas plus intelligents et plus amusants avec ce <strong>distributeur de nourriture lent interactif<\/strong> pour chiens et chats. Ce jouet distributeur de friandises favorise une alimentation lente, stimule l\u2019esprit de votre animal et le garde occup\u00e9 plus longtemps.<\/p>\n<h2>Pourquoi utiliser un distributeur de nourriture lent interactif ?<\/h2>\n<p>Le distributeur de nourriture lent interactif stimule la r\u00e9flexion et le jeu actif tout en aidant \u00e0 pr\u00e9venir les ballonnements et les \u00e9touffements.<\/p>\n<h2>Avantages cl\u00e9s :<\/h2>\n<h3>Am\u00e9liorez l\u2019intelligence de votre animal avec le distributeur de nourriture lent<\/h3>\n<p>Le design roulant permet aux chiens et aux chats de pousser et de faire rouler le distributeur pour lib\u00e9rer des friandises, am\u00e9liorant ainsi la coordination et l\u2019intelligence.<\/p>\n<h3>Favoriser des habitudes alimentaires saines<\/h3>\n<p>Permettez \u00e0 votre animal de prendre des bouch\u00e9es plus petites et plus lentes, id\u00e9ales pour la digestion et la sant\u00e9 intestinale. Ce distributeur interactif ralentit efficacement les mangeurs rapides.<\/p>\n<h3>Distributeur interactif s\u00fbr et facile \u00e0 nettoyer<\/h3>\n<p>Fabriqu\u00e9 en plastique ABS durable et non toxique, le distributeur est con\u00e7u pour la s\u00e9curit\u00e9, la durabilit\u00e9 et un entretien facile.<\/p>\n<h2>Distributeur de nourriture lent interactif pour chiens et chats de toutes tailles<\/h2>\n<p>Parfait pour les animaux de petite \u00e0 moyenne taille, ce distributeur remplace les jouets ennuyeux et garde votre compagnon actif, curieux et heureux.<\/p>\n<h2>Caract\u00e9ristiques du produit<\/h2>\n<ul>\n<li>Favorise une alimentation lente et saine<\/li>\n<li>Stimule l\u2019intelligence de votre animal gr\u00e2ce au jeu<\/li>\n<li>Aucune pile requise \u2014 mouvement auto-\u00e9quilibr\u00e9<\/li>\n<li>Mat\u00e9riau ABS durable et non toxique<\/li>\n<li>Disponible en quatre couleurs : Noir, Bleu lac, Jaune, Vert<\/li>\n<\/ul>\n<h2>Remarques sur l\u2019utilisation du distributeur de nourriture lent interactif<\/h2>\n<ul>\n<li>Les friandises doivent mesurer moins de 1,2 cm<\/li>\n<li>Non adapt\u00e9 aux animaux qui m\u00e2chent de mani\u00e8re agressive<\/li>\n<\/ul>\n<p><b>Image du produit :<\/b><\/p>\n<p><img decoding=\"async\" src=\"https:\/\/cf.cjdropshipping.com\/3a9466ae-620f-4b97-8fe1-27af18fd2814.jpg\" data-key=\"1\" \/><br \/>\n<img decoding=\"async\" src=\"https:\/\/cf.cjdropshipping.com\/e2611318-9d60-418e-8623-bfa72921c82a.jpg\" data-key=\"2\" \/><br \/>\n<img decoding=\"async\" src=\"https:\/\/cf.cjdropshipping.com\/33240d8b-77f7-4a7c-ae43-8a4a8a197ab4.jpg\" data-key=\"3\" \/><br \/>\n<img decoding=\"async\" src=\"https:\/\/cf.cjdropshipping.com\/75b10f2c-3a42-4e75-a330-d2c7121e9823.png\" width=\"732\" height=\"734.49\" data-key=\"4\" \/><br \/>\n<img decoding=\"async\" src=\"https:\/\/cf.cjdropshipping.com\/3ee5ec32-8701-494b-8de3-92a84d158789.png\" data-key=\"5\" \/><br \/>\n<img decoding=\"async\" src=\"https:\/\/cf.cjdropshipping.com\/cdc92fc8-aac9-4688-85c2-5e8e83597170.png\" width=\"735\" height=\"731.08\" data-key=\"6\" \/><br \/>\n<img decoding=\"async\" src=\"https:\/\/cf.cjdropshipping.com\/e92e275d-1307-4972-bce5-b4611dc3007d.png\" width=\"734\" height=\"728.86\" data-src=\"https:\/\/ae01.alicdn.com\/kf\/Sed856be8714c44bdbdf643ca824b434fS.jpg?width=1000&amp;height=993&amp;hash=1993\" data-key=\"7\" data-uploadossfail=\"false\" \/><br \/>\n<img decoding=\"async\" src=\"https:\/\/cf.cjdropshipping.com\/4b8c62fb-0b80-4118-b470-983771ce4beb.png\" width=\"735\" height=\"732.69\" data-src=\"https:\/\/ae01.alicdn.com\/kf\/S941d712192e0412f83fa87cfe7d060fdr.jpg?width=1600&amp;height=1595&amp;hash=3195\" data-key=\"8\" data-uploadossfail=\"false\" \/><br \/>\n<img loading=\"lazy\" decoding=\"async\" class=\"alignnone\" src=\"https:\/\/cf.cjdropshipping.com\/758e1a53-d3f4-447a-aa52-6fa6c990c0b4.png\" alt=\"interactive slow feeder for dogs and cats\" width=\"733\" height=\"1284\" data-src=\"https:\/\/ae01.alicdn.com\/kf\/Sf5046aa54f6d47418cb3cc8cdf0a4b33L.jpg?width=1600&amp;height=1284&amp;hash=2884\" data-key=\"9\" data-uploadossfail=\"false\" \/><br \/>\n<img decoding=\"async\" src=\"https:\/\/cf.cjdropshipping.com\/9002ecc0-e884-4521-84dc-f11ce85ce1f9.png\" width=\"733\" height=\"587.77\" data-src=\"https:\/\/ae01.alicdn.com\/kf\/Sfc5af75dae43426aa659925cc7a8402aG.jpg?width=1600&amp;height=1283&amp;hash=2883\" data-key=\"10\" data-uploadossfail=\"false\" \/><br \/>\n<img loading=\"lazy\" decoding=\"async\" src=\"https:\/\/cf.cjdropshipping.com\/867278fd-d478-4247-b0ee-62bf632548f6.png\" width=\"734\" height=\"734\" data-src=\"https:\/\/ae01.alicdn.com\/kf\/S06da5f3afec944ebad65c31596ccbc5cg.jpg?width=1500&amp;height=1500&amp;hash=3000\" data-key=\"11\" data-uploadossfail=\"false\" \/><br \/>\n<img decoding=\"async\" src=\"https:\/\/cf.cjdropshipping.com\/cec0a4a3-9bb3-4117-a2a2-c32970e8a335.png\" width=\"734\" height=\"592.67\" data-src=\"https:\/\/ae01.alicdn.com\/kf\/S3c694a1c7e1d439383107fbbd05c3ba6h.jpg?width=1600&amp;height=1292&amp;hash=2892\" data-key=\"12\" data-uploadossfail=\"false\" \/><br \/>\n<img decoding=\"async\" src=\"https:\/\/cf.cjdropshipping.com\/25a7c38c-c0c0-48b5-877c-a69b29440b01.png\" width=\"734\" height=\"592.22\" data-src=\"https:\/\/ae01.alicdn.com\/kf\/Scb5a9b52ab9f416287e1fdf041bc01151.jpg?width=1600&amp;height=1291&amp;hash=2891\" data-key=\"13\" data-uploadossfail=\"false\" \/><br \/>\n<img decoding=\"async\" src=\"https:\/\/cf.cjdropshipping.com\/d8935278-2169-452b-b78b-92d21a73bb52.png\" width=\"735\" height=\"589.81\" data-src=\"https:\/\/ae01.alicdn.com\/kf\/S9cd16404730b48c8ae66bb9bed4429d1a.jpg?width=1600&amp;height=1284&amp;hash=2884\" data-key=\"14\" data-uploadossfail=\"false\" \/><br \/>\n<img decoding=\"async\" src=\"https:\/\/cf.cjdropshipping.com\/4b41135c-ce2f-4a24-b7d4-336b9d502dad.png\" width=\"735\" height=\"586.61\" data-src=\"https:\/\/ae01.alicdn.com\/kf\/Sb6c5fd40a96f4678bf6a1102e551e910m.jpg?width=1600&amp;height=1277&amp;hash=2877\" data-key=\"15\" data-uploadossfail=\"false\" \/><br \/>\n<img decoding=\"async\" src=\"https:\/\/cf.cjdropshipping.com\/39080871-f0ed-4d78-81f5-9ef3a93e3c88.png\" width=\"734\" height=\"588.57\" data-src=\"https:\/\/ae01.alicdn.com\/kf\/S92723fde897b49eda0ab0ce430fdda62B.jpg?width=1600&amp;height=1283&amp;hash=2883\" data-key=\"16\" data-uploadossfail=\"false\" \/><br \/>\n<img loading=\"lazy\" decoding=\"async\" src=\"https:\/\/cf.cjdropshipping.com\/ace0e0c1-9e3d-4db9-a4b8-47741961b352.jpg\" width=\"734\" height=\"734\" data-key=\"17\" \/><\/p>","protected":false},"excerpt":{"rendered":"<p>Gardez votre animal en bonne sant\u00e9 et amus\u00e9 avec ce jouet distributeur de nourriture lent interactif qui distribue des friandises, stimule l\u2019intelligence et favorise une alimentation lente.<\/p>","protected":false},"featured_media":1428,"comment_status":"open","ping_status":"closed","template":"","meta":{"om_disable_all_campaigns":false,"_monsterinsights_skip_tracking":false,"_monsterinsights_sitenote_active":false,"_monsterinsights_sitenote_note":"","_monsterinsights_sitenote_category":0},"product_brand":[],"product_cat":[50],"product_tag":[163,160,159,162,161],"class_list":{"0":"post-1438","1":"product","2":"type-product","3":"status-publish","4":"has-post-thumbnail","6":"product_cat-pet-feeding-drinking","7":"product_tag-anti-boredom-pet-toy","8":"product_tag-dog-and-cat-treat-di","9":"product_tag-interactive-pet-feed","10":"product_tag-pet-iq-training-toy","11":"product_tag-slow-feeding-toy-for","13":"first","14":"instock","15":"shipping-taxable","16":"purchasable","17":"product-type-variable"},"aioseo_notices":[],"_links":{"self":[{"href":"https:\/\/boutiquecompagnons.com\/fr\/wp-json\/wp\/v2\/product\/1438","targetHints":{"allow":["GET"]}}],"collection":[{"href":"https:\/\/boutiquecompagnons.com\/fr\/wp-json\/wp\/v2\/product"}],"about":[{"href":"https:\/\/boutiquecompagnons.com\/fr\/wp-json\/wp\/v2\/types\/product"}],"replies":[{"embeddable":true,"href":"https:\/\/boutiquecompagnons.com\/fr\/wp-json\/wp\/v2\/comments?post=1438"}],"wp:featuredmedia":[{"embeddable":true,"href":"https:\/\/boutiquecompagnons.com\/fr\/wp-json\/wp\/v2\/media\/1428"}],"wp:attachment":[{"href":"https:\/\/boutiquecompagnons.com\/fr\/wp-json\/wp\/v2\/media?parent=1438"}],"wp:term":[{"taxonomy":"product_brand","embeddable":true,"href":"https:\/\/boutiquecompagnons.com\/fr\/wp-json\/wp\/v2\/product_brand?post=1438"},{"taxonomy":"product_cat","embeddable":true,"href":"https:\/\/boutiquecompagnons.com\/fr\/wp-json\/wp\/v2\/product_cat?post=1438"},{"taxonomy":"product_tag","embeddable":true,"href":"https:\/\/boutiquecompagnons.com\/fr\/wp-json\/wp\/v2\/product_tag?post=1438"}],"curies":[{"name":"wp","href":"https:\/\/api.w.org\/{rel}","templated":true}]}}