{"id":1496,"date":"2025-09-12T02:59:11","date_gmt":"2025-09-12T02:59:11","guid":{"rendered":"https:\/\/boutiquecompagnons.com\/product\/portable-pet-backpack-with-trolley-folding-carrier-for-cats-dogs\/"},"modified":"2025-12-08T19:58:38","modified_gmt":"2025-12-08T19:58:38","slug":"portable-pet-trolley-backpack-for-cats-and-dogs","status":"publish","type":"product","link":"https:\/\/boutiquecompagnons.com\/fr\/produit\/portable-pet-trolley-backpack-for-cats-and-dogs\/","title":{"rendered":"Sac \u00e0 Dos Chariot Portable pour Chats et Chiens"},"content":{"rendered":"<h3 data-start=\"443\" data-end=\"480\"><strong data-start=\"447\" data-end=\"480\">Voyagez Partout avec Votre Animal gr\u00e2ce au Sac \u00e0 Dos Chariot Portable<\/strong><\/h3>\n<p data-start=\"481\" data-end=\"861\">Rendez chaque voyage amusant et sans stress avec le Sac \u00e0 Dos Chariot Portable pour Chats et Chiens. Con\u00e7u pour un confort et une polyvalence ultimes, ce transporteur se transforme en quelques secondes d'un chariot roulant en un sac \u00e0 dos portable. Que vous alliez chez le v\u00e9t\u00e9rinaire, preniez l'avion pour des vacances ou vous promeniez dans le parc, ce transporteur garde votre compagnon \u00e0 fourrure proche et \u00e0 l'aise.<\/p>\n<hr data-start=\"863\" data-end=\"866\" \/>\n<h3 data-start=\"868\" data-end=\"907\"><strong data-start=\"872\" data-end=\"907\">Smart 2-in-1 Convertible Design<\/strong><\/h3>\n<p data-start=\"908\" data-end=\"1219\">Passez facilement du mode sac \u00e0 dos au mode chariot. La poign\u00e9e t\u00e9lescopique robuste et les roues silencieuses vous permettent de transporter votre animal sans effort dans les a\u00e9roports ou les rues anim\u00e9es. Au besoin, d\u00e9tachez la base et portez-la sur votre dos gr\u00e2ce aux bretelles r\u00e9glables rembourr\u00e9es pour une exp\u00e9rience l\u00e9g\u00e8re et ergonomique.<\/p>\n<hr data-start=\"1221\" data-end=\"1224\" \/>\n<h3 data-start=\"1226\" data-end=\"1260\"><strong data-start=\"1230\" data-end=\"1260\">Look de capsule spatiale \u00e9l\u00e9gant<\/strong><\/h3>\n<p data-start=\"1261\" data-end=\"1542\">Votre animal m\u00e9rite de voyager avec style ! Le d\u00f4me en forme de capsule spatiale lui offre une vue d\u00e9gag\u00e9e sur le monde tout en le maintenant en s\u00e9curit\u00e9 \u00e0 l'int\u00e9rieur. Un design qui attire non seulement les regards, mais r\u00e9duit \u00e9galement l'anxi\u00e9t\u00e9 de voyage pour les animaux qui aiment observer leur environnement.<\/p>\n<hr data-start=\"1544\" data-end=\"1547\" \/>\n<h3 data-start=\"1549\" data-end=\"1589\"><strong data-start=\"1553\" data-end=\"1589\">Le Sac \u00e0 Dos Chariot Portable pour Animal est fabriqu\u00e9 \u00e0 partir de Mat\u00e9riaux Durables et Respirants<\/strong><\/h3>\n<p data-start=\"1590\" data-end=\"1870\">Fabriqu\u00e9 \u00e0 partir de tissu oxford premium et de plastique ABS solide, ce sac \u00e0 dos chariot pour animal est \u00e0 la fois robuste et confortable. Il r\u00e9siste aux rayures, \u00e0 la d\u00e9formation et \u00e0 l'usure. Avec neuf trous d'a\u00e9ration et des panneaux en mesh respirant, il assure une circulation d'air constante pour garder votre animal au frais, m\u00eame par temps chaud.<\/p>\n<p data-start=\"1872\" data-end=\"2002\">L'int\u00e9rieur comprend une base rembourr\u00e9e douce pour un confort et une stabilit\u00e9 suppl\u00e9mentaires, garantissant que votre animal puisse se reposer facilement pendant les longs voyages.<\/p>\n<hr data-start=\"2004\" data-end=\"2007\" \/>\n<h3 data-start=\"2009\" data-end=\"2056\"><strong data-start=\"2013\" data-end=\"2056\">S\u00e9curis\u00e9, Confortable et Approuv\u00e9 par les Compagnies A\u00e9riennes<\/strong><\/h3>\n<p data-start=\"2057\" data-end=\"2407\">La bulle transparente permet non seulement \u00e0 votre animal de profiter de la lumi\u00e8re du soleil et du paysage, mais vous aide \u00e9galement \u00e0 garder un \u0153il sur lui \u00e0 tout moment. Le sac \u00e0 dos chariot portable pour animal est id\u00e9al pour les chats et petits chiens jusqu'\u00e0 12 lbs (5,5 kg) et respecte les exigences de la plupart des compagnies a\u00e9riennes pour le rangement sous le si\u00e8ge \u2014 parfait pour les propri\u00e9taires d'animaux qui voyagent fr\u00e9quemment.<br data-start=\"2353\" data-end=\"2356\" \/>(<em data-start=\"2357\" data-end=\"2406\">Veuillez confirmer aupr\u00e8s de votre compagnie a\u00e9rienne avant le vol.<\/em>)<\/p>\n<hr data-start=\"2409\" data-end=\"2412\" \/>\n<h3 data-start=\"2414\" data-end=\"2448\"><strong>Le Sac \u00e0 Dos Chariot Portable pour Animal est Parfait pour Toutes les Occasions<\/strong><\/h3>\n<p data-start=\"2449\" data-end=\"2690\">Utilisez-le pour voyager, randonner, camper, faire du v\u00e9lo ou vous promener en ville. Sa construction l\u00e9g\u00e8re mais robuste le rend facile \u00e0 transporter partout. Avec ce sac \u00e0 dos, votre animal reste en s\u00e9curit\u00e9 et d\u00e9tendu \u2014 et vous gardez les mains libres et l'esprit tranquille.<\/p>\n<hr data-start=\"2692\" data-end=\"2695\" \/>\n<h3 data-start=\"2697\" data-end=\"2720\"><strong data-start=\"2701\" data-end=\"2718\">Sac \u00e0 Dos Chariot Portable pour Animal Caract\u00e9ristiques Cl\u00e9s :<\/strong><\/h3>\n<ul data-start=\"2721\" data-end=\"3246\">\n<li data-start=\"2721\" data-end=\"2786\">\n<p data-start=\"2723\" data-end=\"2786\"><strong data-start=\"2723\" data-end=\"2743\">Fonction 2-en-1 :<\/strong> Utilisez-le comme sac \u00e0 dos ou comme transporteur sur chariot.<\/p>\n<\/li>\n<li data-start=\"2787\" data-end=\"2860\">\n<p data-start=\"2789\" data-end=\"2860\"><strong data-start=\"2789\" data-end=\"2814\">Design en Capsule Spatiale :<\/strong> Offre \u00e0 votre animal une vue d\u00e9gag\u00e9e et un sentiment de s\u00e9curit\u00e9.<\/p>\n<\/li>\n<li data-start=\"2861\" data-end=\"2929\">\n<p data-start=\"2863\" data-end=\"2929\"><strong data-start=\"2863\" data-end=\"2888\">Respirant et Durable :<\/strong> 9 trous de ventilation + panneaux en mesh a\u00e9r\u00e9.<\/p>\n<\/li>\n<li data-start=\"2930\" data-end=\"2995\">\n<p data-start=\"2932\" data-end=\"2995\"><strong data-start=\"2932\" data-end=\"2957\">Port Confortable :<\/strong> Bretelles rembourr\u00e9es et poign\u00e9e ergonomique.<\/p>\n<\/li>\n<li data-start=\"2996\" data-end=\"3058\">\n<p data-start=\"2998\" data-end=\"3058\"><strong data-start=\"2998\" data-end=\"3019\">D\u00f4me Transparent :<\/strong> Permet \u00e0 votre animal de vous voir et de voir le monde.<\/p>\n<\/li>\n<li data-start=\"3059\" data-end=\"3128\">\n<p data-start=\"3061\" data-end=\"3128\"><strong data-start=\"3061\" data-end=\"3079\">Facile \u00e0 Nettoyer :<\/strong> Surface r\u00e9sistante aux salissures et coussin de base amovible.<\/p>\n<\/li>\n<li data-start=\"3129\" data-end=\"3184\">\n<p data-start=\"3131\" data-end=\"3184\"><strong data-start=\"3131\" data-end=\"3152\">Approuv\u00e9 par les Compagnies A\u00e9riennes :<\/strong> Convient pour les voyages en cabine.<\/p>\n<\/li>\n<li data-start=\"3185\" data-end=\"3246\">\n<p data-start=\"3187\" data-end=\"3246\"><strong data-start=\"3187\" data-end=\"3212\">Id\u00e9al pour les Petits Animaux :<\/strong> Pour les chats et chiens jusqu'\u00e0 12 lbs.<\/p>\n<\/li>\n<\/ul>\n<hr data-start=\"3248\" data-end=\"3251\" \/>\n<h3 data-start=\"3253\" data-end=\"3278\"><strong data-start=\"3257\" data-end=\"3276\">Caract\u00e9ristiques :<\/strong><\/h3>\n<ul data-start=\"3279\" data-end=\"3489\">\n<li data-start=\"3279\" data-end=\"3324\">\n<p data-start=\"3281\" data-end=\"3324\"><strong data-start=\"3281\" data-end=\"3294\">Mat\u00e9riau :<\/strong> Tissu Oxford + Plastique ABS<\/p>\n<\/li>\n<li data-start=\"3325\" data-end=\"3347\">\n<p data-start=\"3327\" data-end=\"3347\"><strong data-start=\"3327\" data-end=\"3339\">Motif :<\/strong> Uni<\/p>\n<\/li>\n<li data-start=\"3348\" data-end=\"3380\">\n<p data-start=\"3350\" data-end=\"3380\"><strong data-start=\"3350\" data-end=\"3363\">Duret\u00e9 :<\/strong> Moyenne \u00e0 \u00c9lev\u00e9e<\/p>\n<\/li>\n<li data-start=\"3381\" data-end=\"3403\">\n<p data-start=\"3383\" data-end=\"3403\"><strong data-start=\"3383\" data-end=\"3396\">Capacit\u00e9 :<\/strong> 20 L<\/p>\n<\/li>\n<li data-start=\"3404\" data-end=\"3446\">\n<p data-start=\"3406\" data-end=\"3446\"><strong data-start=\"3406\" data-end=\"3422\">Ventilation :<\/strong> 9 trous + panneaux en mesh<\/p>\n<\/li>\n<li data-start=\"3447\" data-end=\"3489\">\n<p data-start=\"3449\" data-end=\"3489\"><strong data-start=\"3449\" data-end=\"3474\">Poids Animal Recommand\u00e9 :<\/strong> Jusqu'\u00e0 12 lbs<\/p>\n<\/li>\n<\/ul>\n<hr data-start=\"3491\" data-end=\"3494\" \/>\n<h3 data-start=\"3496\" data-end=\"3523\"><strong data-start=\"3500\" data-end=\"3521\">Le colis comprend :<\/strong><\/h3>\n<ul data-start=\"3524\" data-end=\"3561\">\n<li data-start=\"3524\" data-end=\"3561\">\n<p data-start=\"3526\" data-end=\"3561\">1 \u00d7 Sac \u00e0 Dos Chariot Portable pour Animal<\/p>\n<\/li>\n<\/ul>\n<p><img decoding=\"async\" src=\"https:\/\/cf.cjdropshipping.com\/17089920\/2402270401310328400.jpg\" \/> <img decoding=\"async\" src=\"https:\/\/cf.cjdropshipping.com\/17089920\/2402270401310329200.jpg\" \/><\/p>\n<p><img decoding=\"async\" src=\"https:\/\/cf.cjdropshipping.com\/17089920\/2402270401310329800.jpg\" \/> <img decoding=\"async\" src=\"https:\/\/cf.cjdropshipping.com\/17089920\/2402270401320320900.jpg\" \/> <img loading=\"lazy\" decoding=\"async\" class=\"alignnone\" src=\"https:\/\/cf.cjdropshipping.com\/17089920\/2402270401320321200.jpg\" alt=\"foldable portable pet trolley backpack for small pets\" width=\"800\" height=\"800\" \/> <img loading=\"lazy\" decoding=\"async\" class=\"alignnone\" src=\"https:\/\/cf.cjdropshipping.com\/17089920\/2402270401320321800.jpg\" alt=\"portable pet trolley backpack for cats and dogs\" width=\"800\" height=\"800\" \/> <img decoding=\"async\" src=\"https:\/\/cf.cjdropshipping.com\/17089920\/2402270401320323400.jpg\" \/> <img decoding=\"async\" src=\"https:\/\/cf.cjdropshipping.com\/17089920\/2402270401320324300.jpg\" \/> <img loading=\"lazy\" decoding=\"async\" class=\"alignnone\" src=\"https:\/\/cf.cjdropshipping.com\/17089920\/2402270401320325100.jpg\" alt=\"airline approved portable pet trolley backpack with transparent dome\" width=\"800\" height=\"800\" \/><\/p>\n<p><img decoding=\"async\" src=\"https:\/\/cf.cjdropshipping.com\/17089920\/2402270401320326000.jpg\" \/> <img decoding=\"async\" src=\"https:\/\/cf.cjdropshipping.com\/17089920\/2402270401320326700.jpg\" \/> <img decoding=\"async\" src=\"https:\/\/cf.cjdropshipping.com\/17089920\/2402270401320327300.jpg\" \/> <img decoding=\"async\" src=\"https:\/\/cf.cjdropshipping.com\/17089920\/2402270401320328400.jpg\" \/> <img decoding=\"async\" src=\"https:\/\/cf.cjdropshipping.com\/17089920\/2402270401320329000.jpg\" \/> <img loading=\"lazy\" decoding=\"async\" class=\"alignnone\" src=\"https:\/\/cf.cjdropshipping.com\/17089920\/2402270401320329700.jpg\" alt=\"breathable portable pet trolley backpack with wheels and mesh panels\" width=\"681\" height=\"711\" \/><\/p>","protected":false},"excerpt":{"rendered":"<p>Voyagez facilement avec votre chat ou petit chien gr\u00e2ce \u00e0 ce sac \u00e0 dos chariot portable pour animal \u2014 respirant, durable, approuv\u00e9 par les compagnies a\u00e9riennes et parfait pour toute excursion en plein air.<\/p>","protected":false},"featured_media":1489,"comment_status":"open","ping_status":"closed","template":"","meta":{"om_disable_all_campaigns":false,"_monsterinsights_skip_tracking":false,"_monsterinsights_sitenote_active":false,"_monsterinsights_sitenote_note":"","_monsterinsights_sitenote_category":0},"product_brand":[],"product_cat":[19],"product_tag":[175,176,173,174],"class_list":{"0":"post-1496","1":"product","2":"type-product","3":"status-publish","4":"has-post-thumbnail","6":"product_cat-pet-accessories","7":"product_tag-cat-dog-travel-bag","8":"product_tag-foldable-pet-backpac","9":"product_tag-portable-pet-backpac","10":"product_tag-trolley-pet-carrier","12":"first","13":"instock","14":"shipping-taxable","15":"purchasable","16":"product-type-variable"},"aioseo_notices":[],"_links":{"self":[{"href":"https:\/\/boutiquecompagnons.com\/fr\/wp-json\/wp\/v2\/product\/1496","targetHints":{"allow":["GET"]}}],"collection":[{"href":"https:\/\/boutiquecompagnons.com\/fr\/wp-json\/wp\/v2\/product"}],"about":[{"href":"https:\/\/boutiquecompagnons.com\/fr\/wp-json\/wp\/v2\/types\/product"}],"replies":[{"embeddable":true,"href":"https:\/\/boutiquecompagnons.com\/fr\/wp-json\/wp\/v2\/comments?post=1496"}],"wp:featuredmedia":[{"embeddable":true,"href":"https:\/\/boutiquecompagnons.com\/fr\/wp-json\/wp\/v2\/media\/1489"}],"wp:attachment":[{"href":"https:\/\/boutiquecompagnons.com\/fr\/wp-json\/wp\/v2\/media?parent=1496"}],"wp:term":[{"taxonomy":"product_brand","embeddable":true,"href":"https:\/\/boutiquecompagnons.com\/fr\/wp-json\/wp\/v2\/product_brand?post=1496"},{"taxonomy":"product_cat","embeddable":true,"href":"https:\/\/boutiquecompagnons.com\/fr\/wp-json\/wp\/v2\/product_cat?post=1496"},{"taxonomy":"product_tag","embeddable":true,"href":"https:\/\/boutiquecompagnons.com\/fr\/wp-json\/wp\/v2\/product_tag?post=1496"}],"curies":[{"name":"wp","href":"https:\/\/api.w.org\/{rel}","templated":true}]}}