{"id":289,"date":"2025-09-05T01:58:04","date_gmt":"2025-09-05T01:58:04","guid":{"rendered":"https:\/\/boutiquecompagnons.com\/product\/led-dog-collar-nylon-light-up-adjustable-pet-collar-for-night-safety\/"},"modified":"2025-12-07T15:24:20","modified_gmt":"2025-12-07T15:24:20","slug":"led-dog-collar-nylon-light-up-adjustable-pet-collar-for-night-safety","status":"publish","type":"product","link":"https:\/\/boutiquecompagnons.com\/fr\/produit\/led-dog-collar-nylon-light-up-adjustable-pet-collar-for-night-safety\/","title":{"rendered":"Collier pour chien \u00e0 LED \u2013 Collier lumineux en nylon pour la s\u00e9curit\u00e9 nocturne"},"content":{"rendered":"<h3 data-start=\"743\" data-end=\"793\">Gardez votre chien en s\u00e9curit\u00e9 et facilement rep\u00e9rable la nuit avec un collier pour chien \u00e0 LED<\/h3>\n<p data-start=\"794\" data-end=\"1182\">Que vous promeniez votre chien t\u00f4t le matin ou apr\u00e8s le coucher du soleil, la s\u00e9curit\u00e9 doit toujours passer en premier. Notre collier pour chien \u00e0 LED offre une visibilit\u00e9 et un confort exceptionnels, vous permettant, \u00e0 vous et votre animal, de profiter des promenades nocturnes en toute tranquillit\u00e9. Ce collier lumineux pour chien est fabriqu\u00e9 en nylon durable et \u00e9quip\u00e9 de fibres optiques LED brillantes qui s\u2019illuminent clairement m\u00eame dans l\u2019obscurit\u00e9 totale.<\/p>\n<h3 data-start=\"1184\" data-end=\"1228\">Haute visibilit\u00e9 et modes lumineux multiples<\/h3>\n<p data-start=\"1229\" data-end=\"1553\">Ce collier lumineux offre quatre modes d\u2019\u00e9clairage \u2014 lumi\u00e8re fixe, clignotement lent, clignotement rapide et \u00e9teint \u2014 vous permettant d\u2019ajuster la luminosit\u00e9 en fonction de votre environnement. Son design lumineux garantit que votre animal est visible jusqu\u2019\u00e0 500 m\u00e8tres, r\u00e9duisant consid\u00e9rablement le risque d\u2019accidents avec les voitures, les cyclistes ou les pi\u00e9tons.<\/p>\n<h3 data-start=\"1555\" data-end=\"1590\">Collier pour chien \u00e0 LED confortable et durable<\/h3>\n<p data-start=\"1591\" data-end=\"1949\">Fabriqu\u00e9 en nylon de haute qualit\u00e9, ce collier est \u00e0 la fois solide et doux pour le cou de votre chien. La boucle \u00e0 d\u00e9gagement rapide permet de le mettre et de l\u2019enlever facilement, tandis que les mat\u00e9riaux l\u00e9gers gardent votre animal confortable pendant des heures. Son design r\u00e9sistant aux intemp\u00e9ries permet une utilisation sous la pluie ou la neige, afin que vos aventures ne s\u2019arr\u00eatent pas lorsque le soleil se couche.<\/p>\n<h3 data-start=\"1951\" data-end=\"1995\">Deux options d\u2019alimentation pour votre confort<\/h3>\n<p data-start=\"1996\" data-end=\"2013\">Choisissez entre :<\/p>\n<ul data-start=\"2014\" data-end=\"2362\">\n<li data-start=\"2014\" data-end=\"2218\">\n<p data-start=\"2016\" data-end=\"2218\"><strong data-start=\"2016\" data-end=\"2039\">\ud83d\udd0b <\/strong>Version \u00e0 piles : aliment\u00e9e par 2 piles boutons CR2032 (incluses). Offre jusqu\u2019\u00e0 80 heures de lumi\u00e8re, soit 2 \u00e0 3 mois d\u2019utilisation normale. Les piles sont rempla\u00e7ables et faciles \u00e0 trouver dans les magasins locaux.<\/p>\n<\/li>\n<li data-start=\"2219\" data-end=\"2362\">\n<p data-start=\"2221\" data-end=\"2362\"><strong data-start=\"2221\" data-end=\"2252\">\u26a1 <\/strong>Version rechargeable par USB : il suffit de la brancher sur n\u2019importe quel port USB pour la recharger. Plus besoin de chercher des piles \u2014 \u00e9cologique et \u00e9conomique.<\/p>\n<\/li>\n<\/ul>\n<h3 data-start=\"2364\" data-end=\"2395\">Ajustement parfait pour chaque animal<\/h3>\n<p data-start=\"2396\" data-end=\"2701\">Disponible en cinq tailles r\u00e9glables (XS \u00e0 XL), ce collier LED convient aux chiens de toutes races et tailles \u2014 des petits chiots aux grands compagnons \u00e9nergiques. Avec sept couleurs vives au choix (rouge, jaune, bleu, vert, orange, rose et noir qui s\u2019illumine en blanc), votre chien peut rester \u00e9l\u00e9gant tout en \u00e9tant en s\u00e9curit\u00e9.<\/p>\n<h3 data-start=\"2703\" data-end=\"2743\">S\u00e9curit\u00e9 certifi\u00e9e et nettoyage facile<\/h3>\n<p data-start=\"2744\" data-end=\"2953\">Nos colliers pour chiens \u00e0 LED respectent les normes CE, ROHS et EN471 pour l\u2019\u00e9tanch\u00e9it\u00e9, garantissant fiabilit\u00e9 et s\u00e9curit\u00e9. Le composant \u00e9lectronique est facilement d\u00e9tachable, ce qui vous permet de nettoyer la sangle en nylon sans souci.<\/p>\n<h3 data-start=\"2955\" data-end=\"2983\">Pourquoi les propri\u00e9taires d\u2019animaux adorent le collier LED pour chien<\/h3>\n<ul data-start=\"2984\" data-end=\"3218\">\n<li data-start=\"2984\" data-end=\"3049\">\n<p data-start=\"2986\" data-end=\"3049\">Am\u00e9liore la visibilit\u00e9 et pr\u00e9vient les accidents lors des promenades nocturnes<\/p>\n<\/li>\n<li data-start=\"3050\" data-end=\"3103\">\n<p data-start=\"3052\" data-end=\"3103\">Confortable pour un port quotidien et les aventures en plein air<\/p>\n<\/li>\n<li data-start=\"3104\" data-end=\"3137\">\n<p data-start=\"3106\" data-end=\"3137\">Rechargeable et \u00e9cologique<\/p>\n<\/li>\n<li data-start=\"3138\" data-end=\"3179\">\n<p data-start=\"3140\" data-end=\"3179\">Design \u00e9l\u00e9gant qui brille dans l\u2019obscurit\u00e9<\/p>\n<\/li>\n<li data-start=\"3180\" data-end=\"3218\">\n<p data-start=\"3182\" data-end=\"3218\">Construction durable con\u00e7ue pour durer<\/p>\n<\/li>\n<\/ul>\n<h3 data-start=\"3220\" data-end=\"3242\">Contenu de l\u2019emballage<\/h3>\n<ul data-start=\"3243\" data-end=\"3357\">\n<li data-start=\"3243\" data-end=\"3288\">\n<p data-start=\"3245\" data-end=\"3288\">Version \u00e0 piles : 1 \u00d7 collier LED en nylon<\/p>\n<\/li>\n<li data-start=\"3289\" data-end=\"3357\">\n<p data-start=\"3291\" data-end=\"3357\">Version USB : 1 \u00d7 collier LED rechargeable par USB + 1 \u00d7 c\u00e2ble USB<\/p>\n<\/li>\n<\/ul>\n<p data-start=\"3359\" data-end=\"3541\">Gardez votre meilleur ami visible, en s\u00e9curit\u00e9 et \u00e9l\u00e9gant o\u00f9 que vous alliez. Le collier LED pour chien n\u2019est pas seulement un accessoire \u2014 c\u2019est un outil de s\u00e9curit\u00e9 indispensable pour tout propri\u00e9taire d\u2019animal responsable.<\/p>\n<p>&nbsp;<\/p>\n<p><img decoding=\"async\" src=\"https:\/\/cf.cjdropshipping.com\/17143488\/2404290123540322000.jpg\" \/> <img loading=\"lazy\" decoding=\"async\" class=\"alignnone\" src=\"https:\/\/cf.cjdropshipping.com\/17143488\/2404290123540323100.jpg\" alt=\"adjustable nylon light up pet collar waterproof\" width=\"800\" height=\"800\" \/> <img loading=\"lazy\" decoding=\"async\" class=\"alignnone\" src=\"https:\/\/cf.cjdropshipping.com\/17143488\/2404290123540323800.jpg\" alt=\"usb rechargeable led dog collar glowing at night\" width=\"800\" height=\"800\" \/> <img decoding=\"async\" src=\"https:\/\/cf.cjdropshipping.com\/17143488\/2404290123540324400.jpg\" \/> <img decoding=\"async\" src=\"https:\/\/cf.cjdropshipping.com\/17143488\/2404290123540325300.jpg\" \/> <img decoding=\"async\" src=\"https:\/\/cf.cjdropshipping.com\/17143488\/2404290123540326200.jpg\" \/><\/p>\n<p><img decoding=\"async\" src=\"https:\/\/cf.cjdropshipping.com\/17143488\/2404290123540326700.jpg\" \/><\/p>\n<div><img loading=\"lazy\" decoding=\"async\" src=\"https:\/\/cf.cjdropshipping.com\/17143488\/2404290123540327700.jpg\" alt=\"HTB1R7uCaiOYBuNjSsD4q6zSkFXaI\" width=\"750\" height=\"997\" \/><\/div>\n<div><img decoding=\"async\" src=\"https:\/\/cf.cjdropshipping.com\/17143488\/2404290123540328400.jpg\" alt=\"e0804\" \/><br \/>\n<img decoding=\"async\" src=\"https:\/\/cf.cjdropshipping.com\/17143488\/2404290123540329100.jpg\" alt=\"e0805\" \/><br \/>\n<img decoding=\"async\" src=\"https:\/\/cf.cjdropshipping.com\/17143488\/2404290123540329600.jpg\" alt=\"e0806\" \/><br \/>\n<img decoding=\"async\" src=\"https:\/\/cf.cjdropshipping.com\/17143488\/2404290123550320300.jpg\" alt=\"e0807\" \/><br \/>\n<img loading=\"lazy\" decoding=\"async\" class=\"alignnone\" src=\"https:\/\/cf.cjdropshipping.com\/17143488\/2404290123550321700.jpg\" alt=\"bright led dog collar for nighttime safety walks\" width=\"800\" height=\"800\" \/><br \/>\n<img decoding=\"async\" src=\"https:\/\/cf.cjdropshipping.com\/17143488\/2404290123550322500.jpg\" alt=\"E0809\" \/><br \/>\n<img decoding=\"async\" src=\"https:\/\/cf.cjdropshipping.com\/17143488\/2404290123550323100.jpg\" alt=\"E0811\" \/><br \/>\n<img decoding=\"async\" src=\"https:\/\/cf.cjdropshipping.com\/17143488\/2404290123550323800.jpg\" alt=\"E0812\" \/><br \/>\n<img decoding=\"async\" src=\"https:\/\/cf.cjdropshipping.com\/17143488\/2404290123550324300.jpg\" alt=\"E0813\" \/><\/div>\n<div><\/div>\n<div><\/div>","protected":false},"excerpt":{"rendered":"<p>Le collier pour chien \u00e0 LED lumineux et imperm\u00e9able garde les animaux visibles et en s\u00e9curit\u00e9 la nuit. R\u00e9glable, rechargeable et \u00e9l\u00e9gant \u2014 id\u00e9al pour les promenades du soir ou les activit\u00e9s en plein air.<\/p>","protected":false},"featured_media":279,"comment_status":"open","ping_status":"closed","template":"","meta":{"om_disable_all_campaigns":false,"_monsterinsights_skip_tracking":false,"_monsterinsights_sitenote_active":false,"_monsterinsights_sitenote_note":"","_monsterinsights_sitenote_category":0},"product_brand":[],"product_cat":[19],"product_tag":[58,57,55,54,56],"class_list":{"0":"post-289","1":"product","2":"type-product","3":"status-publish","4":"has-post-thumbnail","6":"product_cat-pet-accessories","7":"product_tag-adjustable-pet-colla","8":"product_tag-flashing-dog-cat-col","9":"product_tag-glowing-pet-night-co","10":"product_tag-led-dog-safety-colla","11":"product_tag-nylon-light-up-colla","13":"first","14":"instock","15":"shipping-taxable","16":"purchasable","17":"product-type-variable"},"aioseo_notices":[],"_links":{"self":[{"href":"https:\/\/boutiquecompagnons.com\/fr\/wp-json\/wp\/v2\/product\/289","targetHints":{"allow":["GET"]}}],"collection":[{"href":"https:\/\/boutiquecompagnons.com\/fr\/wp-json\/wp\/v2\/product"}],"about":[{"href":"https:\/\/boutiquecompagnons.com\/fr\/wp-json\/wp\/v2\/types\/product"}],"replies":[{"embeddable":true,"href":"https:\/\/boutiquecompagnons.com\/fr\/wp-json\/wp\/v2\/comments?post=289"}],"wp:featuredmedia":[{"embeddable":true,"href":"https:\/\/boutiquecompagnons.com\/fr\/wp-json\/wp\/v2\/media\/279"}],"wp:attachment":[{"href":"https:\/\/boutiquecompagnons.com\/fr\/wp-json\/wp\/v2\/media?parent=289"}],"wp:term":[{"taxonomy":"product_brand","embeddable":true,"href":"https:\/\/boutiquecompagnons.com\/fr\/wp-json\/wp\/v2\/product_brand?post=289"},{"taxonomy":"product_cat","embeddable":true,"href":"https:\/\/boutiquecompagnons.com\/fr\/wp-json\/wp\/v2\/product_cat?post=289"},{"taxonomy":"product_tag","embeddable":true,"href":"https:\/\/boutiquecompagnons.com\/fr\/wp-json\/wp\/v2\/product_tag?post=289"}],"curies":[{"name":"wp","href":"https:\/\/api.w.org\/{rel}","templated":true}]}}