{"id":626,"date":"2025-09-09T01:53:16","date_gmt":"2025-09-09T01:53:16","guid":{"rendered":"https:\/\/boutiquecompagnons.com\/product\/electric-flopping-fish-toy-for-cats-realistic-jumping-fish\/"},"modified":"2025-11-18T02:56:07","modified_gmt":"2025-11-18T02:56:07","slug":"interactive-cat-toy-flopping-fish-usb-rechargeable","status":"publish","type":"product","link":"https:\/\/boutiquecompagnons.com\/fr\/produit\/interactive-cat-toy-flopping-fish-usb-rechargeable\/","title":{"rendered":"Jouet interactif pour chat \u2013 Poisson fr\u00e9tillant, rechargeable par USB"},"content":{"rendered":"<h4 data-start=\"338\" data-end=\"357\"><strong data-start=\"343\" data-end=\"355\">Aper\u00e7u<\/strong><\/h4>\n<p data-start=\"358\" data-end=\"635\">Gardez votre chat actif et diverti avec ce <strong data-start=\"405\" data-end=\"428\">jouet interactif pour chat<\/strong>Le jouet de poisson \u00e9lectrique fr\u00e9tillant imite le mouvement naturel d\u2019un vrai poisson, attirant l\u2019attention de votre chat et l\u2019encourageant \u00e0 jouer, \u00e0 faire de l\u2019exercice et \u00e0 se stimuler mentalement pendant des heures, m\u00eame lorsque vous n\u2019\u00eates pas \u00e0 la maison.<\/p>\n<hr data-start=\"637\" data-end=\"640\" \/>\n<h4 data-start=\"642\" data-end=\"691\"><strong data-start=\"647\" data-end=\"689\">Pourquoi les chats adorent ce jouet interactif pour chat<\/strong><\/h4>\n<ul data-start=\"692\" data-end=\"1046\">\n<li data-start=\"692\" data-end=\"796\">\n<p data-start=\"694\" data-end=\"796\"><strong data-start=\"694\" data-end=\"717\">Mouvement r\u00e9aliste :<\/strong> Fr\u00e9tille et saute comme un vrai poisson, stimulant les instincts de chasse de votre chat.<\/p>\n<\/li>\n<li data-start=\"797\" data-end=\"873\">\n<p data-start=\"799\" data-end=\"873\"><strong data-start=\"799\" data-end=\"821\">Temps de jeu captivant :<\/strong> Garde les chats occup\u00e9s et heureux tout en r\u00e9duisant l\u2019ennui.<\/p>\n<\/li>\n<li data-start=\"874\" data-end=\"946\">\n<p data-start=\"876\" data-end=\"946\"><strong data-start=\"876\" data-end=\"894\">Soulagement du stress :<\/strong> Aide \u00e0 r\u00e9duire l\u2019anxi\u00e9t\u00e9 et les comportements destructeurs.<\/p>\n<\/li>\n<li data-start=\"947\" data-end=\"1046\">\n<p data-start=\"949\" data-end=\"1046\"><strong data-start=\"949\" data-end=\"972\">Exercice et forme :<\/strong> Encourage le jeu actif pour maintenir un poids sain et des muscles forts.<\/p>\n<\/li>\n<\/ul>\n<hr data-start=\"1048\" data-end=\"1051\" \/>\n<h4 data-start=\"1053\" data-end=\"1103\"><strong data-start=\"1058\" data-end=\"1101\">Caract\u00e9ristiques principales du jouet interactif pour chat<\/strong><\/h4>\n<h5 data-start=\"1105\" data-end=\"1143\"><strong data-start=\"1111\" data-end=\"1141\">Mat\u00e9riaux durables et s\u00fbrs<\/strong><\/h5>\n<p data-start=\"1144\" data-end=\"1257\">Fabriqu\u00e9 en mat\u00e9riau PP de haute qualit\u00e9 et non toxique, ce jouet interactif pour chat est s\u00fbr pour les animaux et con\u00e7u pour durer.<\/p>\n<h5 data-start=\"1259\" data-end=\"1287\"><strong data-start=\"1265\" data-end=\"1285\">Rechargeable par USB<\/strong><\/h5>\n<p data-start=\"1288\" data-end=\"1365\">Pas besoin de piles \u2014 rechargez avec le c\u00e2ble USB fourni pour un jeu r\u00e9p\u00e9t\u00e9.<\/p>\n<h5 data-start=\"1367\" data-end=\"1396\"><strong data-start=\"1373\" data-end=\"1394\">Design multicolore<\/strong><\/h5>\n<p data-start=\"1397\" data-end=\"1483\">Des couleurs vives et attrayantes rendent ce jouet plus s\u00e9duisant, maintenant votre chat captiv\u00e9.<\/p>\n<h5 data-start=\"1485\" data-end=\"1509\"><strong data-start=\"1491\" data-end=\"1507\">Taille parfaite<\/strong><\/h5>\n<p data-start=\"1510\" data-end=\"1601\">Avec ses 30 cm de long, le poisson fr\u00e9tillant est id\u00e9al pour les chats de toutes tailles pour chasser, frapper et bondir dessus.<\/p>\n<hr data-start=\"1603\" data-end=\"1606\" \/>\n<h4 data-start=\"1608\" data-end=\"1654\"><strong data-start=\"1613\" data-end=\"1652\">Comment utiliser votre jouet interactif pour chat<\/strong><\/h4>\n<ol data-start=\"1655\" data-end=\"1897\">\n<li data-start=\"1655\" data-end=\"1704\">\n<p data-start=\"1658\" data-end=\"1704\">Rechargez le jouet \u00e0 l\u2019aide du c\u00e2ble USB fourni.<\/p>\n<\/li>\n<li data-start=\"1705\" data-end=\"1768\">\n<p data-start=\"1708\" data-end=\"1768\">Placez-le sur une surface plane o\u00f9 votre chat peut jouer en toute s\u00e9curit\u00e9.<\/p>\n<\/li>\n<li data-start=\"1769\" data-end=\"1835\">\n<p data-start=\"1772\" data-end=\"1835\">Allumez-le et regardez votre chat profiter de longues heures de jeu interactif.<\/p>\n<\/li>\n<li data-start=\"1836\" data-end=\"1897\">\n<p data-start=\"1839\" data-end=\"1897\">Surveillez les premi\u00e8res sessions de jeu pour garantir la s\u00e9curit\u00e9.<\/p>\n<\/li>\n<\/ol>\n<hr data-start=\"1899\" data-end=\"1902\" \/>\n<h4 data-start=\"1904\" data-end=\"1929\"><strong data-start=\"1909\" data-end=\"1927\">Sp\u00e9cifications<\/strong><\/h4>\n<ul data-start=\"1930\" data-end=\"2112\">\n<li data-start=\"1930\" data-end=\"1981\">\n<p data-start=\"1932\" data-end=\"1981\"><strong data-start=\"1932\" data-end=\"1946\">Type d\u2019article :<\/strong> Jouet interactif pour chat (\u00e9lectronique)<\/p>\n<\/li>\n<li data-start=\"1982\" data-end=\"2002\">\n<p data-start=\"1984\" data-end=\"2002\"><strong data-start=\"1984\" data-end=\"1997\">Mat\u00e9riau :<\/strong> PP<\/p>\n<\/li>\n<li data-start=\"2003\" data-end=\"2028\">\n<p data-start=\"2005\" data-end=\"2028\"><strong data-start=\"2005\" data-end=\"2015\">Couleur :<\/strong> Multicolore<\/p>\n<\/li>\n<li data-start=\"2029\" data-end=\"2058\">\n<p data-start=\"2031\" data-end=\"2058\"><strong data-start=\"2031\" data-end=\"2051\">Public cible :<\/strong> Chats<\/p>\n<\/li>\n<li data-start=\"2059\" data-end=\"2077\">\n<p data-start=\"2061\" data-end=\"2077\"><strong data-start=\"2061\" data-end=\"2070\">Dimensions :<\/strong> 30cm<\/p>\n<\/li>\n<li data-start=\"2078\" data-end=\"2112\">\n<p data-start=\"2080\" data-end=\"2112\"><strong data-start=\"2080\" data-end=\"2097\">Alimentation :<\/strong> Recharge USB<\/p>\n<\/li>\n<\/ul>\n<hr data-start=\"2114\" data-end=\"2117\" \/>\n<h4 data-start=\"2119\" data-end=\"2146\"><strong data-start=\"2124\" data-end=\"2144\">Contenu de l\u2019emballage<\/strong><\/h4>\n<ul data-start=\"2147\" data-end=\"2208\">\n<li data-start=\"2147\" data-end=\"2181\">\n<p data-start=\"2149\" data-end=\"2181\">1 x Jouet de poisson \u00e9lectrique fr\u00e9tillant<\/p>\n<\/li>\n<li data-start=\"2182\" data-end=\"2208\">\n<p data-start=\"2184\" data-end=\"2208\">1 x C\u00e2ble de recharge USB<\/p>\n<\/li>\n<\/ul>\n<hr data-start=\"2210\" data-end=\"2213\" \/>\n<h4 data-start=\"2215\" data-end=\"2241\"><strong data-start=\"2220\" data-end=\"2239\">Remarques importantes<\/strong><\/h4>\n<ul data-start=\"2242\" data-end=\"2469\">\n<li data-start=\"2242\" data-end=\"2334\">\n<p data-start=\"2244\" data-end=\"2334\">Cette version n\u2019inclut pas d\u2019herbe \u00e0 chat.<\/p>\n<\/li>\n<li data-start=\"2242\" data-end=\"2334\">\n<p data-start=\"2244\" data-end=\"2334\">Les mesures manuelles peuvent varier de 1 \u00e0 3 cm ; le poids peut varier de 3 \u00e0 5 g.<\/p>\n<\/li>\n<li data-start=\"2405\" data-end=\"2469\">\n<p data-start=\"2407\" data-end=\"2469\">Les couleurs peuvent l\u00e9g\u00e8rement diff\u00e9rer en raison des param\u00e8tres de l\u2019\u00e9cran.<\/p>\n<\/li>\n<\/ul>\n<hr data-start=\"2471\" data-end=\"2474\" \/>\n<h4 data-start=\"2476\" data-end=\"2508\"><strong data-start=\"2481\" data-end=\"2506\">Avantages pour votre chat<\/strong><\/h4>\n<ul data-start=\"2509\" data-end=\"2694\">\n<li data-start=\"2509\" data-end=\"2554\">\n<p data-start=\"2511\" data-end=\"2554\">Favorise l\u2019exercice sain et le jeu actif<\/p>\n<\/li>\n<li data-start=\"2555\" data-end=\"2594\">\n<p data-start=\"2557\" data-end=\"2594\">R\u00e9duit le stress et pr\u00e9vient l\u2019ennui<\/p>\n<\/li>\n<li data-start=\"2595\" data-end=\"2642\">\n<p data-start=\"2597\" data-end=\"2642\">Stimule mentalement les chats d\u2019int\u00e9rieur<\/p>\n<\/li>\n<li data-start=\"2643\" data-end=\"2694\">\n<p data-start=\"2645\" data-end=\"2694\">Jouet interactif parfait pour le plaisir et la forme<\/p>\n<\/li>\n<\/ul>\n<p>&nbsp;<\/p>\n<p><img loading=\"lazy\" decoding=\"async\" class=\"alignnone\" src=\"https:\/\/cf.cjdropshipping.com\/16367616\/1636802329935.jpg\" alt=\"Interactive cat toy \u2013 Electric flopping fish for cats having fun\" width=\"850\" height=\"850\" \/><\/p>\n<p><img loading=\"lazy\" decoding=\"async\" class=\"alignnone\" src=\"https:\/\/cf.cjdropshipping.com\/16367616\/1636802330202.jpg\" alt=\"USB rechargeable interactive cat toy for indoor cat exercise and play\" width=\"1000\" height=\"1000\" \/><\/p>\n<p><img decoding=\"async\" src=\"https:\/\/cf.cjdropshipping.com\/16367616\/1636802330621.jpg\" \/><\/p>\n<p><img loading=\"lazy\" decoding=\"async\" class=\"alignnone\" src=\"https:\/\/cf.cjdropshipping.com\/16367616\/1636802331264.jpg\" alt=\"Realistic flopping fish interactive cat toy to keep cats active and entertained\" width=\"1000\" height=\"1000\" \/><\/p>\n<p><img decoding=\"async\" src=\"https:\/\/cf.cjdropshipping.com\/16367616\/1636802331638.jpg\" \/><\/p>\n<p><img decoding=\"async\" src=\"https:\/\/cf.cjdropshipping.com\/16367616\/1636802332095.jpg\" \/><\/p>\n<p><img decoding=\"async\" src=\"https:\/\/cf.cjdropshipping.com\/16367616\/1636802333561.jpg\" \/><\/p>\n<p><img decoding=\"async\" src=\"https:\/\/cf.cjdropshipping.com\/cbd85e2b-fb64-48f4-a57a-50f81ff6141c.png\" \/><\/p>","protected":false},"excerpt":{"rendered":"<p>Jouet interactif pour chat \u2013 Poisson \u00e9lectrique fr\u00e9tillant, rechargeable par USB, s\u00fbr et amusant, parfait pour l\u2019exercice, le jeu et la d\u00e9tente du chat.<\/p>","protected":false},"featured_media":616,"comment_status":"open","ping_status":"closed","template":"","meta":{"om_disable_all_campaigns":false,"_monsterinsights_skip_tracking":false,"_monsterinsights_sitenote_active":false,"_monsterinsights_sitenote_note":"","_monsterinsights_sitenote_category":0},"product_brand":[],"product_cat":[20],"product_tag":[48,80,81,82,46],"class_list":{"0":"post-626","1":"product","2":"type-product","3":"status-publish","4":"has-post-thumbnail","6":"product_cat-pet-toys","7":"product_tag-electric-fish-toy","8":"product_tag-flopping-cat-toy","9":"product_tag-jumping-fish-cat-toy","10":"product_tag-realistic-cat-toy","11":"product_tag-realistic-fish-toy","13":"first","14":"instock","15":"shipping-taxable","16":"purchasable","17":"product-type-variable"},"aioseo_notices":[],"_links":{"self":[{"href":"https:\/\/boutiquecompagnons.com\/fr\/wp-json\/wp\/v2\/product\/626","targetHints":{"allow":["GET"]}}],"collection":[{"href":"https:\/\/boutiquecompagnons.com\/fr\/wp-json\/wp\/v2\/product"}],"about":[{"href":"https:\/\/boutiquecompagnons.com\/fr\/wp-json\/wp\/v2\/types\/product"}],"replies":[{"embeddable":true,"href":"https:\/\/boutiquecompagnons.com\/fr\/wp-json\/wp\/v2\/comments?post=626"}],"wp:featuredmedia":[{"embeddable":true,"href":"https:\/\/boutiquecompagnons.com\/fr\/wp-json\/wp\/v2\/media\/616"}],"wp:attachment":[{"href":"https:\/\/boutiquecompagnons.com\/fr\/wp-json\/wp\/v2\/media?parent=626"}],"wp:term":[{"taxonomy":"product_brand","embeddable":true,"href":"https:\/\/boutiquecompagnons.com\/fr\/wp-json\/wp\/v2\/product_brand?post=626"},{"taxonomy":"product_cat","embeddable":true,"href":"https:\/\/boutiquecompagnons.com\/fr\/wp-json\/wp\/v2\/product_cat?post=626"},{"taxonomy":"product_tag","embeddable":true,"href":"https:\/\/boutiquecompagnons.com\/fr\/wp-json\/wp\/v2\/product_tag?post=626"}],"curies":[{"name":"wp","href":"https:\/\/api.w.org\/{rel}","templated":true}]}}